{"id":89,"date":"2024-07-27T12:42:50","date_gmt":"2024-07-27T10:42:50","guid":{"rendered":"https:\/\/congresocimic.umh.es\/presentacion-2\/"},"modified":"2024-08-07T11:49:18","modified_gmt":"2024-08-07T09:49:18","slug":"presentacion","status":"publish","type":"page","link":"https:\/\/congresocimic.umh.es\/en\/presentacion\/","title":{"rendered":"PRESENTACI\u00d3N"},"content":{"rendered":"\t\t<div data-elementor-type=\"wp-page\" data-elementor-id=\"89\" class=\"elementor elementor-89\" data-elementor-settings=\"[]\">\n\t\t\t\t\t\t\t<div class=\"elementor-section-wrap\">\n\t\t\t\t\t\t\t<section class=\"elementor-section elementor-top-section elementor-element elementor-element-41c4db35 elementor-hidden-tablet elementor-hidden-mobile elementor-section-boxed elementor-section-height-default elementor-section-height-default\" data-id=\"41c4db35\" data-element_type=\"section\">\n\t\t\t\t\t\t<div class=\"elementor-container elementor-column-gap-default\">\n\t\t\t\t\t<div class=\"elementor-column elementor-col-100 elementor-top-column elementor-element elementor-element-4f4a4f6e\" data-id=\"4f4a4f6e\" data-element_type=\"column\">\n\t\t\t<div class=\"elementor-widget-wrap elementor-element-populated\">\n\t\t\t\t\t\t\t\t<div class=\"elementor-element elementor-element-32b88950 elementor-widget elementor-widget-spacer\" data-id=\"32b88950\" data-element_type=\"widget\" data-widget_type=\"spacer.default\">\n\t\t\t\t<div class=\"elementor-widget-container\">\n\t\t\t\t\t<div class=\"elementor-spacer\">\n\t\t\t<div class=\"elementor-spacer-inner\"><\/div>\n\t\t<\/div>\n\t\t\t\t<\/div>\n\t\t\t\t<\/div>\n\t\t\t\t<div class=\"elementor-element elementor-element-583b5d3a elementor-widget elementor-widget-heading\" data-id=\"583b5d3a\" data-element_type=\"widget\" data-widget_type=\"heading.default\">\n\t\t\t\t<div class=\"elementor-widget-container\">\n\t\t\t<h1 class=\"elementor-heading-title elementor-size-default\">I Congreso Internacional <font color=\"#DFDD0C\">MATERIA<\/font> <br>\nInvestigaci\u00f3n y Creaci\u00f3n Art\u00edstica \nsobre los Estados de la Materia<\/h1>\t\t<\/div>\n\t\t\t\t<\/div>\n\t\t\t\t\t<\/div>\n\t\t<\/div>\n\t\t\t\t\t\t\t<\/div>\n\t\t<\/section>\n\t\t\t\t<section class=\"elementor-section elementor-top-section elementor-element elementor-element-5c90a01 elementor-hidden-desktop elementor-section-boxed elementor-section-height-default elementor-section-height-default\" data-id=\"5c90a01\" data-element_type=\"section\">\n\t\t\t\t\t\t<div class=\"elementor-container elementor-column-gap-default\">\n\t\t\t\t\t<div class=\"elementor-column elementor-col-100 elementor-top-column elementor-element elementor-element-51e020d\" data-id=\"51e020d\" data-element_type=\"column\">\n\t\t\t<div class=\"elementor-widget-wrap elementor-element-populated\">\n\t\t\t\t\t\t\t\t<div class=\"elementor-element elementor-element-541006b elementor-widget elementor-widget-spacer\" data-id=\"541006b\" data-element_type=\"widget\" data-widget_type=\"spacer.default\">\n\t\t\t\t<div class=\"elementor-widget-container\">\n\t\t\t\t\t<div class=\"elementor-spacer\">\n\t\t\t<div class=\"elementor-spacer-inner\"><\/div>\n\t\t<\/div>\n\t\t\t\t<\/div>\n\t\t\t\t<\/div>\n\t\t\t\t<div class=\"elementor-element elementor-element-9976553 elementor-widget elementor-widget-heading\" data-id=\"9976553\" data-element_type=\"widget\" data-widget_type=\"heading.default\">\n\t\t\t\t<div class=\"elementor-widget-container\">\n\t\t\t<h1 class=\"elementor-heading-title elementor-size-default\">I Congreso Internacional <font color=\"#DFDD0C\">MATERIA<\/font> <br>\nInvestigaci\u00f3n y Creaci\u00f3n Art\u00edstica \nsobre los Estados de la Materia<\/h1>\t\t<\/div>\n\t\t\t\t<\/div>\n\t\t\t\t\t<\/div>\n\t\t<\/div>\n\t\t\t\t\t\t\t<\/div>\n\t\t<\/section>\n\t\t\t\t<section class=\"elementor-section elementor-top-section elementor-element elementor-element-57ad3755 elementor-hidden-tablet elementor-hidden-mobile elementor-section-boxed elementor-section-height-default elementor-section-height-default\" data-id=\"57ad3755\" data-element_type=\"section\">\n\t\t\t\t\t\t<div class=\"elementor-container elementor-column-gap-default\">\n\t\t\t\t\t<div class=\"elementor-column elementor-col-100 elementor-top-column elementor-element elementor-element-5a19c84d\" data-id=\"5a19c84d\" data-element_type=\"column\" data-settings=\"{&quot;background_background&quot;:&quot;classic&quot;}\">\n\t\t\t<div class=\"elementor-widget-wrap elementor-element-populated\">\n\t\t\t\t\t<div class=\"elementor-background-overlay\"><\/div>\n\t\t\t\t\t\t\t\t<div class=\"elementor-element elementor-element-1f292e6f elementor-widget elementor-widget-spacer\" data-id=\"1f292e6f\" data-element_type=\"widget\" data-widget_type=\"spacer.default\">\n\t\t\t\t<div class=\"elementor-widget-container\">\n\t\t\t\t\t<div class=\"elementor-spacer\">\n\t\t\t<div class=\"elementor-spacer-inner\"><\/div>\n\t\t<\/div>\n\t\t\t\t<\/div>\n\t\t\t\t<\/div>\n\t\t\t\t<div class=\"elementor-element elementor-element-29321382 elementor-widget elementor-widget-text-editor\" data-id=\"29321382\" data-element_type=\"widget\" data-widget_type=\"text-editor.default\">\n\t\t\t\t<div class=\"elementor-widget-container\">\n\t\t\t\t\t\t\t<p>El Grupo de Investigaci\u00f3n\u00a0<strong>MATERIA,<\/strong>\u00a0convoca y organiza el\u00a0<strong>I Congreso Internacional MATERIA. Investigaci\u00f3n y Creaci\u00f3n Art\u00edstica sobre los Estados de la Materia <\/strong>que se celebrar\u00e1 los d\u00edas 6 y 7 de noviembre de 2024 en el campus de la Facultad de BBAA de Altea de la Universidad Miguel Hern\u00e1ndez de Elche, Espa\u00f1a.<\/p><p>El evento acad\u00e9mico se dirige a perfiles de investigadores\/as y\/o artistas del \u00e1mbito de las Bellas Artes, la Historia del Arte, el Dise\u00f1o, la Teor\u00eda del Arte, Critica, Est\u00e9tica, Estudios Culturales y Visuales, etc.<\/p><p>Este\u00a0primer Congreso tiene por objetivo principal el de visibilizar en el \u00e1mbito acad\u00e9mico, la investigaci\u00f3n cient\u00edfica, experimental y art\u00edstica centrada en los diferentes estados y procesos de los materiales vinculados a aquellos aspectos pr\u00f3ximos a \u00e9l: desde el pensamiento inicial, pasando por la conceptualizaci\u00f3n, la formalizaci\u00f3n gr\u00e1fica y pl\u00e1stica,\u00a0la experimentaci\u00f3n mat\u00e9rica procesual y la producci\u00f3n art\u00edstica,\u00a0hasta el discurso conjunto de materiales y conceptos.<\/p><p>El Congreso se centrar\u00e1 en la investigaci\u00f3n y experimentaci\u00f3n acerca de los materiales a trav\u00e9s de las cuatro l\u00edneas tem\u00e1ticas propuestas,\u00a0que ser\u00e1n presentadas por los ponentes invitados y los organizadores del congreso:\u00a0artistas, investigadores, docentes, cr\u00edticos y te\u00f3ricos especializados.<\/p><p>L\u00edneas tem\u00e1ticas<br \/><strong>Los estados de la materia:<\/strong><\/p><p><strong>1. L\u00edquido, h\u00edbridos y fluidos<\/strong><br \/><strong>2. S\u00f3lido, tangible y procedimental<\/strong><br \/><strong>3. Ef\u00edmero, tiempo y acci\u00f3n<\/strong><br \/><strong>4. Inmaterial, pensamiento y discurso<\/strong><\/p>\t\t\t\t\t\t<\/div>\n\t\t\t\t<\/div>\n\t\t\t\t<div class=\"elementor-element elementor-element-ad21326 elementor-widget elementor-widget-spacer\" data-id=\"ad21326\" data-element_type=\"widget\" data-widget_type=\"spacer.default\">\n\t\t\t\t<div class=\"elementor-widget-container\">\n\t\t\t\t\t<div class=\"elementor-spacer\">\n\t\t\t<div class=\"elementor-spacer-inner\"><\/div>\n\t\t<\/div>\n\t\t\t\t<\/div>\n\t\t\t\t<\/div>\n\t\t\t\t\t<\/div>\n\t\t<\/div>\n\t\t\t\t\t\t\t<\/div>\n\t\t<\/section>\n\t\t\t\t<section class=\"elementor-section elementor-top-section elementor-element elementor-element-1ef3bfe elementor-hidden-desktop elementor-section-boxed elementor-section-height-default elementor-section-height-default\" data-id=\"1ef3bfe\" data-element_type=\"section\">\n\t\t\t\t\t\t<div class=\"elementor-container elementor-column-gap-default\">\n\t\t\t\t\t<div class=\"elementor-column elementor-col-100 elementor-top-column elementor-element elementor-element-d1696d7\" data-id=\"d1696d7\" data-element_type=\"column\" data-settings=\"{&quot;background_background&quot;:&quot;classic&quot;}\">\n\t\t\t<div class=\"elementor-widget-wrap elementor-element-populated\">\n\t\t\t\t\t<div class=\"elementor-background-overlay\"><\/div>\n\t\t\t\t\t\t\t\t<div class=\"elementor-element elementor-element-12e6530 elementor-widget elementor-widget-text-editor\" data-id=\"12e6530\" data-element_type=\"widget\" data-widget_type=\"text-editor.default\">\n\t\t\t\t<div class=\"elementor-widget-container\">\n\t\t\t\t\t\t\t<p>El Grupo de Investigaci\u00f3n\u00a0<strong>MATERIA,<\/strong>\u00a0convoca y organiza el\u00a0<strong>I Congreso Internacional MATERIA. Investigaci\u00f3n y Creaci\u00f3n Art\u00edstica sobre Los Estados de la Materia\u00a0<\/strong>que se celebrar\u00e1 los d\u00edas 6 y 7 de noviembre de 2024 en el campus de la Facultad de BBAA de Altea de la Universidad Miguel Hern\u00e1ndez de Elche, Espa\u00f1a.<\/p><p>El evento acad\u00e9mico se dirige a perfiles de investigadores\/as y\/o artistas del \u00e1mbito de las Bellas Artes, la Historia del Arte, el Dise\u00f1o, la Teor\u00eda del Arte, Critica, Est\u00e9tica, Estudios Culturales y Visuales, etc.<\/p><p>Este\u00a0primer Congreso tiene por objetivo principal el de visibilizar en el \u00e1mbito acad\u00e9mico, la investigaci\u00f3n cient\u00edfica, experimental y art\u00edstica centrada en los diferentes estados y procesos de los materiales vinculados a aquellos aspectos pr\u00f3ximos a \u00e9l: desde el pensamiento inicial, pasando por la conceptualizaci\u00f3n, la formalizaci\u00f3n gr\u00e1fica y pl\u00e1stica,\u00a0la experimentaci\u00f3n mat\u00e9rica procesual y la producci\u00f3n art\u00edstica,\u00a0hasta el discurso conjunto de materiales y conceptos.<\/p><p>El Congreso se centrar\u00e1 en la investigaci\u00f3n y experimentaci\u00f3n acerca de los materiales a trav\u00e9s de las cuatro l\u00edneas tem\u00e1ticas propuestas,\u00a0que ser\u00e1n presentadas por los ponentes invitados y los organizadores del congreso:\u00a0artistas, investigadores, docentes, cr\u00edticos y te\u00f3ricos especializados.<\/p><p>L\u00edneas tem\u00e1ticas<br \/><strong>Los estados de la materia:<\/strong><\/p><ol><li><strong>L\u00edquido, h\u00edbridos y fluidos<\/strong><\/li><li><strong>S\u00f3lido, tangible y procedimental<\/strong><\/li><li><strong>Ef\u00edmero, tiempo y acci\u00f3n<\/strong><\/li><li><strong>Inmaterial, pensamiento y discurso<\/strong><\/li><\/ol>\t\t\t\t\t\t<\/div>\n\t\t\t\t<\/div>\n\t\t\t\t<div class=\"elementor-element elementor-element-5b96881 elementor-widget elementor-widget-spacer\" data-id=\"5b96881\" data-element_type=\"widget\" data-widget_type=\"spacer.default\">\n\t\t\t\t<div class=\"elementor-widget-container\">\n\t\t\t\t\t<div class=\"elementor-spacer\">\n\t\t\t<div class=\"elementor-spacer-inner\"><\/div>\n\t\t<\/div>\n\t\t\t\t<\/div>\n\t\t\t\t<\/div>\n\t\t\t\t\t<\/div>\n\t\t<\/div>\n\t\t\t\t\t\t\t<\/div>\n\t\t<\/section>\n\t\t\t\t<section class=\"elementor-section elementor-top-section elementor-element elementor-element-6424fbfc elementor-hidden-tablet elementor-hidden-mobile elementor-section-boxed elementor-section-height-default elementor-section-height-default\" data-id=\"6424fbfc\" data-element_type=\"section\" data-settings=\"{&quot;background_background&quot;:&quot;classic&quot;}\">\n\t\t\t\t\t\t\t<div class=\"elementor-background-overlay\"><\/div>\n\t\t\t\t\t\t\t<div class=\"elementor-container elementor-column-gap-default\">\n\t\t\t\t\t<div class=\"elementor-column elementor-col-100 elementor-top-column elementor-element elementor-element-51d7e478\" data-id=\"51d7e478\" data-element_type=\"column\">\n\t\t\t<div class=\"elementor-widget-wrap elementor-element-populated\">\n\t\t\t\t\t\t\t\t<div class=\"elementor-element elementor-element-42d9312c elementor-widget elementor-widget-image\" data-id=\"42d9312c\" data-element_type=\"widget\" data-widget_type=\"image.default\">\n\t\t\t\t<div class=\"elementor-widget-container\">\n\t\t\t\t\t\t\t\t\t\t\t\t\t\t\t<img width=\"3813\" height=\"345\" src=\"https:\/\/congresocimic.umh.es\/files\/2024\/08\/logos-CIMIC-2024-HORIZONTAL-act-agosto-ok.png\" class=\"attachment-full size-full\" alt=\"\" loading=\"lazy\" srcset=\"https:\/\/congresocimic.umh.es\/files\/2024\/08\/logos-CIMIC-2024-HORIZONTAL-act-agosto-ok.png 3813w, https:\/\/congresocimic.umh.es\/files\/2024\/08\/logos-CIMIC-2024-HORIZONTAL-act-agosto-ok-1280x116.png 1280w, https:\/\/congresocimic.umh.es\/files\/2024\/08\/logos-CIMIC-2024-HORIZONTAL-act-agosto-ok-980x89.png 980w, https:\/\/congresocimic.umh.es\/files\/2024\/08\/logos-CIMIC-2024-HORIZONTAL-act-agosto-ok-480x43.png 480w\" sizes=\"(min-width: 0px) and (max-width: 480px) 480px, (min-width: 481px) and (max-width: 980px) 980px, (min-width: 981px) and (max-width: 1280px) 1280px, (min-width: 1281px) 3813px, 100vw\" \/>\t\t\t\t\t\t\t\t\t\t\t\t\t\t\t<\/div>\n\t\t\t\t<\/div>\n\t\t\t\t\t<\/div>\n\t\t<\/div>\n\t\t\t\t\t\t\t<\/div>\n\t\t<\/section>\n\t\t\t\t<section class=\"elementor-section elementor-top-section elementor-element elementor-element-39b43d3 elementor-hidden-desktop elementor-section-boxed elementor-section-height-default elementor-section-height-default\" data-id=\"39b43d3\" data-element_type=\"section\" data-settings=\"{&quot;background_background&quot;:&quot;classic&quot;}\">\n\t\t\t\t\t\t\t<div class=\"elementor-background-overlay\"><\/div>\n\t\t\t\t\t\t\t<div class=\"elementor-container elementor-column-gap-default\">\n\t\t\t\t\t<div class=\"elementor-column elementor-col-100 elementor-top-column elementor-element elementor-element-c7ca9b2\" data-id=\"c7ca9b2\" data-element_type=\"column\">\n\t\t\t<div class=\"elementor-widget-wrap elementor-element-populated\">\n\t\t\t\t\t\t\t\t<div class=\"elementor-element elementor-element-14fe93d elementor-widget elementor-widget-image\" data-id=\"14fe93d\" data-element_type=\"widget\" data-widget_type=\"image.default\">\n\t\t\t\t<div class=\"elementor-widget-container\">\n\t\t\t\t\t\t\t\t\t\t\t\t\t\t\t<img width=\"3813\" height=\"345\" src=\"https:\/\/congresocimic.umh.es\/files\/2024\/08\/logos-CIMIC-2024-HORIZONTAL-act-agosto-ok.png\" class=\"attachment-full size-full\" alt=\"\" loading=\"lazy\" srcset=\"https:\/\/congresocimic.umh.es\/files\/2024\/08\/logos-CIMIC-2024-HORIZONTAL-act-agosto-ok.png 3813w, https:\/\/congresocimic.umh.es\/files\/2024\/08\/logos-CIMIC-2024-HORIZONTAL-act-agosto-ok-1280x116.png 1280w, https:\/\/congresocimic.umh.es\/files\/2024\/08\/logos-CIMIC-2024-HORIZONTAL-act-agosto-ok-980x89.png 980w, https:\/\/congresocimic.umh.es\/files\/2024\/08\/logos-CIMIC-2024-HORIZONTAL-act-agosto-ok-480x43.png 480w\" sizes=\"(min-width: 0px) and (max-width: 480px) 480px, (min-width: 481px) and (max-width: 980px) 980px, (min-width: 981px) and (max-width: 1280px) 1280px, (min-width: 1281px) 3813px, 100vw\" \/>\t\t\t\t\t\t\t\t\t\t\t\t\t\t\t<\/div>\n\t\t\t\t<\/div>\n\t\t\t\t\t<\/div>\n\t\t<\/div>\n\t\t\t\t\t\t\t<\/div>\n\t\t<\/section>\n\t\t\t\t\t\t<\/div>\n\t\t\t\t\t<\/div>\n\t\t","protected":false},"excerpt":{"rendered":"<p>I Congreso Internacional MATERIA<br \/>\nInvestigaci\u00f3n y Creaci\u00f3n Art\u00edstica<br \/>\nsobre los Estados de la Materia<br \/>\nI Congreso Internacional MATERIA<br \/>\nInvestigaci\u00f3n y Creaci\u00f3n Art\u00edstica<br \/>\nsobre los Estados de la Materia<br \/>\nEl Grupo de Investigaci\u00f3n\u00a0MATERIA,\u00a0convoca y organiza el\u00a0I Congreso Internacional MATERIA. Investigaci\u00f3n y Creaci\u00f3n Art\u00edstica sobre los Estados de la Materia que se celebrar\u00e1 los d\u00edas 6 y 7 de noviembre de [&#8230;]<\/p>\n","protected":false},"author":5001,"featured_media":0,"parent":0,"menu_order":0,"comment_status":"closed","ping_status":"closed","template":"elementor_header_footer","meta":{"_et_pb_use_builder":"","_et_pb_old_content":"","_et_gb_content_width":"","_links_to":"","_links_to_target":""},"_links":{"self":[{"href":"https:\/\/congresocimic.umh.es\/en\/wp-json\/wp\/v2\/pages\/89"}],"collection":[{"href":"https:\/\/congresocimic.umh.es\/en\/wp-json\/wp\/v2\/pages"}],"about":[{"href":"https:\/\/congresocimic.umh.es\/en\/wp-json\/wp\/v2\/types\/page"}],"author":[{"embeddable":true,"href":"https:\/\/congresocimic.umh.es\/en\/wp-json\/wp\/v2\/users\/5001"}],"replies":[{"embeddable":true,"href":"https:\/\/congresocimic.umh.es\/en\/wp-json\/wp\/v2\/comments?post=89"}],"version-history":[{"count":0,"href":"https:\/\/congresocimic.umh.es\/en\/wp-json\/wp\/v2\/pages\/89\/revisions"}],"wp:attachment":[{"href":"https:\/\/congresocimic.umh.es\/en\/wp-json\/wp\/v2\/media?parent=89"}],"curies":[{"name":"wp","href":"https:\/\/api.w.org\/{rel}","templated":true}]}}