{"id":351,"date":"2024-08-01T20:23:13","date_gmt":"2024-08-01T18:23:13","guid":{"rendered":"https:\/\/congresocimic.umh.es\/?page_id=351"},"modified":"2024-10-29T18:20:47","modified_gmt":"2024-10-29T17:20:47","slug":"exposiciones","status":"publish","type":"page","link":"https:\/\/congresocimic.umh.es\/en\/exposiciones\/","title":{"rendered":"<span lang=\"es\">(Espa\u00f1ol) EXPOSICIONES<\/span>"},"content":{"rendered":"\t\t<div data-elementor-type=\"wp-page\" data-elementor-id=\"351\" class=\"elementor elementor-351\" data-elementor-settings=\"[]\">\n\t\t\t\t\t\t\t<div class=\"elementor-section-wrap\">\n\t\t\t\t\t\t\t<section class=\"elementor-section elementor-top-section elementor-element elementor-element-54d7c05 elementor-section-boxed elementor-section-height-default elementor-section-height-default\" data-id=\"54d7c05\" data-element_type=\"section\">\n\t\t\t\t\t\t<div class=\"elementor-container elementor-column-gap-default\">\n\t\t\t\t\t<div class=\"elementor-column elementor-col-50 elementor-top-column elementor-element elementor-element-0e4c639\" data-id=\"0e4c639\" data-element_type=\"column\">\n\t\t\t<div class=\"elementor-widget-wrap elementor-element-populated\">\n\t\t\t\t\t\t\t\t<div class=\"elementor-element elementor-element-95b8282 elementor-widget elementor-widget-image\" data-id=\"95b8282\" data-element_type=\"widget\" data-widget_type=\"image.default\">\n\t\t\t\t<div class=\"elementor-widget-container\">\n\t\t\t\t\t\t\t\t\t\t\t\t\t\t\t<img width=\"1024\" height=\"576\" src=\"https:\/\/congresocimic.umh.es\/files\/2024\/08\/palau-bn-1024x576.jpg\" class=\"attachment-large size-large\" alt=\"\" loading=\"lazy\" srcset=\"https:\/\/congresocimic.umh.es\/files\/2024\/08\/palau-bn-1024x576.jpg 1024w, https:\/\/congresocimic.umh.es\/files\/2024\/08\/palau-bn-980x551.jpg 980w, https:\/\/congresocimic.umh.es\/files\/2024\/08\/palau-bn-480x270.jpg 480w\" sizes=\"(min-width: 0px) and (max-width: 480px) 480px, (min-width: 481px) and (max-width: 980px) 980px, (min-width: 981px) 1024px, 100vw\" \/>\t\t\t\t\t\t\t\t\t\t\t\t\t\t\t<\/div>\n\t\t\t\t<\/div>\n\t\t\t\t<div class=\"elementor-element elementor-element-f155809 elementor-widget elementor-widget-text-editor\" data-id=\"f155809\" data-element_type=\"widget\" data-widget_type=\"text-editor.default\">\n\t\t\t\t<div class=\"elementor-widget-container\">\n\t\t\t\t\t\t\t<h3><strong>Exposici\u00f3n colectiva PALAU Altea<\/strong><\/h3><h3>INAUGURACI\u00d3N: 6 de noviembre 20:00h<\/h3><h3>Exposici\u00f3n Palau Altea Centre d&#8217;Arts_Sala Mirador<\/h3><h3>Comisariado: Grupo de investigaci\u00f3n MATERIA<\/h3><h3>Fechas: del 30 de octubre al 18 de noviembre 2024<\/h3>\t\t\t\t\t\t<\/div>\n\t\t\t\t<\/div>\n\t\t\t\t<div class=\"elementor-element elementor-element-af0b8d0 elementor-widget elementor-widget-spacer\" data-id=\"af0b8d0\" data-element_type=\"widget\" data-widget_type=\"spacer.default\">\n\t\t\t\t<div class=\"elementor-widget-container\">\n\t\t\t\t\t<div class=\"elementor-spacer\">\n\t\t\t<div class=\"elementor-spacer-inner\"><\/div>\n\t\t<\/div>\n\t\t\t\t<\/div>\n\t\t\t\t<\/div>\n\t\t\t\t<div class=\"elementor-element elementor-element-dbe7bac elementor-widget elementor-widget-image\" data-id=\"dbe7bac\" data-element_type=\"widget\" data-widget_type=\"image.default\">\n\t\t\t\t<div class=\"elementor-widget-container\">\n\t\t\t\t\t\t\t\t\t\t\t\t\t\t\t<img width=\"996\" height=\"1400\" src=\"https:\/\/congresocimic.umh.es\/files\/2024\/10\/CARTELES-GENE\u0301RICOS-EXPO-PALAU-6-NOV-web-3.jpg\" class=\"attachment-full size-full\" alt=\"\" loading=\"lazy\" srcset=\"https:\/\/congresocimic.umh.es\/files\/2024\/10\/CARTELES-GENE\u0301RICOS-EXPO-PALAU-6-NOV-web-3.jpg 996w, https:\/\/congresocimic.umh.es\/files\/2024\/10\/CARTELES-GENE\u0301RICOS-EXPO-PALAU-6-NOV-web-3-213x300.jpg 213w, https:\/\/congresocimic.umh.es\/files\/2024\/10\/CARTELES-GENE\u0301RICOS-EXPO-PALAU-6-NOV-web-3-729x1024.jpg 729w, https:\/\/congresocimic.umh.es\/files\/2024\/10\/CARTELES-GENE\u0301RICOS-EXPO-PALAU-6-NOV-web-3-768x1080.jpg 768w, https:\/\/congresocimic.umh.es\/files\/2024\/10\/CARTELES-GENE\u0301RICOS-EXPO-PALAU-6-NOV-web-3-980x1378.jpg 980w, https:\/\/congresocimic.umh.es\/files\/2024\/10\/CARTELES-GENE\u0301RICOS-EXPO-PALAU-6-NOV-web-3-480x675.jpg 480w\" sizes=\"(max-width: 996px) 100vw, 996px\" \/>\t\t\t\t\t\t\t\t\t\t\t\t\t\t\t<\/div>\n\t\t\t\t<\/div>\n\t\t\t\t\t<\/div>\n\t\t<\/div>\n\t\t\t\t<div class=\"elementor-column elementor-col-50 elementor-top-column elementor-element elementor-element-b662fbd\" data-id=\"b662fbd\" data-element_type=\"column\">\n\t\t\t<div class=\"elementor-widget-wrap elementor-element-populated\">\n\t\t\t\t\t\t\t\t<div class=\"elementor-element elementor-element-8384c1c elementor-widget elementor-widget-image\" data-id=\"8384c1c\" data-element_type=\"widget\" data-widget_type=\"image.default\">\n\t\t\t\t<div class=\"elementor-widget-container\">\n\t\t\t\t\t\t\t\t\t\t\t\t\t\t\t<img width=\"2402\" height=\"1351\" src=\"https:\/\/congresocimic.umh.es\/files\/2024\/09\/edificio-ci\u0301a-1200x675-1.jpg\" class=\"attachment-full size-full\" alt=\"\" loading=\"lazy\" srcset=\"https:\/\/congresocimic.umh.es\/files\/2024\/09\/edificio-ci\u0301a-1200x675-1.jpg 2402w, https:\/\/congresocimic.umh.es\/files\/2024\/09\/edificio-ci\u0301a-1200x675-1-300x169.jpg 300w, https:\/\/congresocimic.umh.es\/files\/2024\/09\/edificio-ci\u0301a-1200x675-1-1024x576.jpg 1024w, https:\/\/congresocimic.umh.es\/files\/2024\/09\/edificio-ci\u0301a-1200x675-1-768x432.jpg 768w, https:\/\/congresocimic.umh.es\/files\/2024\/09\/edificio-ci\u0301a-1200x675-1-1536x864.jpg 1536w, https:\/\/congresocimic.umh.es\/files\/2024\/09\/edificio-ci\u0301a-1200x675-1-2048x1152.jpg 2048w, https:\/\/congresocimic.umh.es\/files\/2024\/09\/edificio-ci\u0301a-1200x675-1-1080x607.jpg 1080w, https:\/\/congresocimic.umh.es\/files\/2024\/09\/edificio-ci\u0301a-1200x675-1-1280x720.jpg 1280w, https:\/\/congresocimic.umh.es\/files\/2024\/09\/edificio-ci\u0301a-1200x675-1-980x551.jpg 980w, https:\/\/congresocimic.umh.es\/files\/2024\/09\/edificio-ci\u0301a-1200x675-1-480x270.jpg 480w\" sizes=\"(max-width: 2402px) 100vw, 2402px\" \/>\t\t\t\t\t\t\t\t\t\t\t\t\t\t\t<\/div>\n\t\t\t\t<\/div>\n\t\t\t\t<div class=\"elementor-element elementor-element-7dbce27 elementor-widget elementor-widget-text-editor\" data-id=\"7dbce27\" data-element_type=\"widget\" data-widget_type=\"text-editor.default\">\n\t\t\t\t<div class=\"elementor-widget-container\">\n\t\t\t\t\t\t\t<h3><strong>Exposici\u00f3n C\u00edA-Centro de Investigaci\u00f3n en Artes<\/strong><\/h3><h3>INAUGURACI\u00d3N: 7 de noviembre 12:00h<\/h3><h3>Ponencia: <strong>MARCELO LLOBELL<\/strong><\/h3><h3>Artistas invitados y Grupo de Investigaci\u00f3n MATERIA<\/h3><h3>Comisario: Marcelo Llobell<\/h3><h3>Fechas: del 7 de noviembre al 10 de diciembre 2024<\/h3>\t\t\t\t\t\t<\/div>\n\t\t\t\t<\/div>\n\t\t\t\t<div class=\"elementor-element elementor-element-fbacfa5 elementor-widget elementor-widget-image\" data-id=\"fbacfa5\" data-element_type=\"widget\" data-widget_type=\"image.default\">\n\t\t\t\t<div class=\"elementor-widget-container\">\n\t\t\t\t\t\t\t\t\t\t\t\t\t\t\t<img width=\"996\" height=\"1400\" src=\"https:\/\/congresocimic.umh.es\/files\/2024\/10\/CARTELES-GENE\u0301RICOS-EXPO-CI\u0301A-7-NOV-web-4.jpg\" class=\"attachment-full size-full\" alt=\"\" loading=\"lazy\" srcset=\"https:\/\/congresocimic.umh.es\/files\/2024\/10\/CARTELES-GENE\u0301RICOS-EXPO-CI\u0301A-7-NOV-web-4.jpg 996w, https:\/\/congresocimic.umh.es\/files\/2024\/10\/CARTELES-GENE\u0301RICOS-EXPO-CI\u0301A-7-NOV-web-4-213x300.jpg 213w, https:\/\/congresocimic.umh.es\/files\/2024\/10\/CARTELES-GENE\u0301RICOS-EXPO-CI\u0301A-7-NOV-web-4-729x1024.jpg 729w, https:\/\/congresocimic.umh.es\/files\/2024\/10\/CARTELES-GENE\u0301RICOS-EXPO-CI\u0301A-7-NOV-web-4-768x1080.jpg 768w, https:\/\/congresocimic.umh.es\/files\/2024\/10\/CARTELES-GENE\u0301RICOS-EXPO-CI\u0301A-7-NOV-web-4-980x1378.jpg 980w, https:\/\/congresocimic.umh.es\/files\/2024\/10\/CARTELES-GENE\u0301RICOS-EXPO-CI\u0301A-7-NOV-web-4-480x675.jpg 480w\" sizes=\"(max-width: 996px) 100vw, 996px\" \/>\t\t\t\t\t\t\t\t\t\t\t\t\t\t\t<\/div>\n\t\t\t\t<\/div>\n\t\t\t\t\t<\/div>\n\t\t<\/div>\n\t\t\t\t\t\t\t<\/div>\n\t\t<\/section>\n\t\t\t\t<section class=\"elementor-section elementor-top-section elementor-element elementor-element-902ce11 elementor-section-boxed elementor-section-height-default elementor-section-height-default\" data-id=\"902ce11\" data-element_type=\"section\">\n\t\t\t\t\t\t<div class=\"elementor-container elementor-column-gap-default\">\n\t\t\t\t\t<div class=\"elementor-column elementor-col-100 elementor-top-column elementor-element elementor-element-4066e23\" data-id=\"4066e23\" data-element_type=\"column\">\n\t\t\t<div class=\"elementor-widget-wrap elementor-element-populated\">\n\t\t\t\t\t\t\t\t<div class=\"elementor-element elementor-element-0aca53b elementor-widget elementor-widget-spacer\" data-id=\"0aca53b\" data-element_type=\"widget\" data-widget_type=\"spacer.default\">\n\t\t\t\t<div class=\"elementor-widget-container\">\n\t\t\t\t\t<div class=\"elementor-spacer\">\n\t\t\t<div class=\"elementor-spacer-inner\"><\/div>\n\t\t<\/div>\n\t\t\t\t<\/div>\n\t\t\t\t<\/div>\n\t\t\t\t\t<\/div>\n\t\t<\/div>\n\t\t\t\t\t\t\t<\/div>\n\t\t<\/section>\n\t\t\t\t<section class=\"elementor-section elementor-top-section elementor-element elementor-element-b4fb0d4 elementor-section-stretched elementor-hidden-tablet elementor-hidden-mobile elementor-section-boxed elementor-section-height-default elementor-section-height-default\" data-id=\"b4fb0d4\" data-element_type=\"section\" data-settings=\"{&quot;stretch_section&quot;:&quot;section-stretched&quot;,&quot;background_background&quot;:&quot;classic&quot;}\">\n\t\t\t\t\t\t<div class=\"elementor-container elementor-column-gap-default\">\n\t\t\t\t\t<div class=\"elementor-column elementor-col-100 elementor-top-column elementor-element elementor-element-f704835\" data-id=\"f704835\" data-element_type=\"column\">\n\t\t\t<div class=\"elementor-widget-wrap elementor-element-populated\">\n\t\t\t\t\t\t\t\t<div class=\"elementor-element elementor-element-5e37d49 elementor-widget elementor-widget-image\" data-id=\"5e37d49\" data-element_type=\"widget\" data-widget_type=\"image.default\">\n\t\t\t\t<div class=\"elementor-widget-container\">\n\t\t\t\t\t\t\t\t\t\t\t\t\t\t\t<img width=\"3813\" height=\"345\" src=\"https:\/\/congresocimic.umh.es\/files\/2024\/08\/logos-CIMIC-2024-HORIZONTAL-act-agosto-ok.png\" class=\"attachment-full size-full\" alt=\"\" loading=\"lazy\" srcset=\"https:\/\/congresocimic.umh.es\/files\/2024\/08\/logos-CIMIC-2024-HORIZONTAL-act-agosto-ok.png 3813w, https:\/\/congresocimic.umh.es\/files\/2024\/08\/logos-CIMIC-2024-HORIZONTAL-act-agosto-ok-1280x116.png 1280w, https:\/\/congresocimic.umh.es\/files\/2024\/08\/logos-CIMIC-2024-HORIZONTAL-act-agosto-ok-980x89.png 980w, https:\/\/congresocimic.umh.es\/files\/2024\/08\/logos-CIMIC-2024-HORIZONTAL-act-agosto-ok-480x43.png 480w\" sizes=\"(min-width: 0px) and (max-width: 480px) 480px, (min-width: 481px) and (max-width: 980px) 980px, (min-width: 981px) and (max-width: 1280px) 1280px, (min-width: 1281px) 3813px, 100vw\" \/>\t\t\t\t\t\t\t\t\t\t\t\t\t\t\t<\/div>\n\t\t\t\t<\/div>\n\t\t\t\t\t<\/div>\n\t\t<\/div>\n\t\t\t\t\t\t\t<\/div>\n\t\t<\/section>\n\t\t\t\t<section class=\"elementor-section elementor-top-section elementor-element elementor-element-fa5d73d elementor-section-stretched elementor-hidden-desktop elementor-section-boxed elementor-section-height-default elementor-section-height-default\" data-id=\"fa5d73d\" data-element_type=\"section\" data-settings=\"{&quot;stretch_section&quot;:&quot;section-stretched&quot;,&quot;background_background&quot;:&quot;classic&quot;}\">\n\t\t\t\t\t\t<div class=\"elementor-container elementor-column-gap-default\">\n\t\t\t\t\t<div class=\"elementor-column elementor-col-100 elementor-top-column elementor-element elementor-element-51f2a47\" data-id=\"51f2a47\" data-element_type=\"column\">\n\t\t\t<div class=\"elementor-widget-wrap elementor-element-populated\">\n\t\t\t\t\t\t\t\t<div class=\"elementor-element elementor-element-c0da60d elementor-widget elementor-widget-image\" data-id=\"c0da60d\" data-element_type=\"widget\" data-widget_type=\"image.default\">\n\t\t\t\t<div class=\"elementor-widget-container\">\n\t\t\t\t\t\t\t\t\t\t\t\t\t\t\t<img width=\"3813\" height=\"345\" src=\"https:\/\/congresocimic.umh.es\/files\/2024\/08\/logos-CIMIC-2024-HORIZONTAL-act-agosto-ok.png\" class=\"attachment-full size-full\" alt=\"\" loading=\"lazy\" srcset=\"https:\/\/congresocimic.umh.es\/files\/2024\/08\/logos-CIMIC-2024-HORIZONTAL-act-agosto-ok.png 3813w, https:\/\/congresocimic.umh.es\/files\/2024\/08\/logos-CIMIC-2024-HORIZONTAL-act-agosto-ok-1280x116.png 1280w, https:\/\/congresocimic.umh.es\/files\/2024\/08\/logos-CIMIC-2024-HORIZONTAL-act-agosto-ok-980x89.png 980w, https:\/\/congresocimic.umh.es\/files\/2024\/08\/logos-CIMIC-2024-HORIZONTAL-act-agosto-ok-480x43.png 480w\" sizes=\"(min-width: 0px) and (max-width: 480px) 480px, (min-width: 481px) and (max-width: 980px) 980px, (min-width: 981px) and (max-width: 1280px) 1280px, (min-width: 1281px) 3813px, 100vw\" \/>\t\t\t\t\t\t\t\t\t\t\t\t\t\t\t<\/div>\n\t\t\t\t<\/div>\n\t\t\t\t\t<\/div>\n\t\t<\/div>\n\t\t\t\t\t\t\t<\/div>\n\t\t<\/section>\n\t\t\t\t\t\t<\/div>\n\t\t\t\t\t<\/div>\n\t\t","protected":false},"excerpt":{"rendered":"<p>\nExposici\u00f3n colectiva PALAU Altea<br \/>\nINAUGURACI\u00d3N: 6 de noviembre 20:00h<br \/>\nExposici\u00f3n Palau Altea Centre d&#8217;Arts_Sala Mirador<br \/>\nComisariado: Grupo de investigaci\u00f3n MATERIA<br \/>\nFechas: del 30 de octubre al 18 de noviembre 2024<\/p>\n<p>Exposici\u00f3n C\u00edA-Centro de Investigaci\u00f3n en Artes<br \/>\nINAUGURACI\u00d3N: 7 de noviembre 12:00h<br \/>\nPonencia: MARCELO LLOBELL<br \/>\nArtistas invitados y Grupo de Investigaci\u00f3n MATERIA<br \/>\nComisario: Marcelo Llobell<br \/>\nFechas: del 7 de noviembre al 10 de diciembre 2024<\/p>\n","protected":false},"author":5001,"featured_media":0,"parent":0,"menu_order":0,"comment_status":"closed","ping_status":"closed","template":"","meta":{"_et_pb_use_builder":"","_et_pb_old_content":"","_et_gb_content_width":"","_links_to":"","_links_to_target":""},"_links":{"self":[{"href":"https:\/\/congresocimic.umh.es\/en\/wp-json\/wp\/v2\/pages\/351"}],"collection":[{"href":"https:\/\/congresocimic.umh.es\/en\/wp-json\/wp\/v2\/pages"}],"about":[{"href":"https:\/\/congresocimic.umh.es\/en\/wp-json\/wp\/v2\/types\/page"}],"author":[{"embeddable":true,"href":"https:\/\/congresocimic.umh.es\/en\/wp-json\/wp\/v2\/users\/5001"}],"replies":[{"embeddable":true,"href":"https:\/\/congresocimic.umh.es\/en\/wp-json\/wp\/v2\/comments?post=351"}],"version-history":[{"count":0,"href":"https:\/\/congresocimic.umh.es\/en\/wp-json\/wp\/v2\/pages\/351\/revisions"}],"wp:attachment":[{"href":"https:\/\/congresocimic.umh.es\/en\/wp-json\/wp\/v2\/media?parent=351"}],"curies":[{"name":"wp","href":"https:\/\/api.w.org\/{rel}","templated":true}]}}