{"id":62,"date":"2024-07-27T12:42:37","date_gmt":"2024-07-27T10:42:37","guid":{"rendered":"https:\/\/congresocimic.umh.es\/programa\/"},"modified":"2024-11-26T15:59:08","modified_gmt":"2024-11-26T14:59:08","slug":"programa","status":"publish","type":"page","link":"https:\/\/congresocimic.umh.es\/ca\/programa\/","title":{"rendered":"PROGRAMA"},"content":{"rendered":"\t\t<div data-elementor-type=\"wp-page\" data-elementor-id=\"62\" class=\"elementor elementor-62\" data-elementor-settings=\"[]\">\n\t\t\t\t\t\t\t<div class=\"elementor-section-wrap\">\n\t\t\t\t\t\t\t<section class=\"elementor-section elementor-top-section elementor-element elementor-element-563bfe1e elementor-section-height-min-height elementor-section-items-stretch elementor-section-content-middle elementor-section-boxed elementor-section-height-default\" data-id=\"563bfe1e\" data-element_type=\"section\" data-settings=\"{&quot;background_background&quot;:&quot;classic&quot;}\">\n\t\t\t\t\t\t<div class=\"elementor-container elementor-column-gap-no\">\n\t\t\t\t\t<div class=\"elementor-column elementor-col-50 elementor-top-column elementor-element elementor-element-473db782\" data-id=\"473db782\" data-element_type=\"column\">\n\t\t\t<div class=\"elementor-widget-wrap elementor-element-populated\">\n\t\t\t\t\t\t\t\t<div class=\"elementor-element elementor-element-26befd4e elementor-widget elementor-widget-heading\" data-id=\"26befd4e\" data-element_type=\"widget\" data-widget_type=\"heading.default\">\n\t\t\t\t<div class=\"elementor-widget-container\">\n\t\t\t<h1 class=\"elementor-heading-title elementor-size-default\">PROGRAMA<br>\nEDICI\u00d3N 2024<\/h1>\t\t<\/div>\n\t\t\t\t<\/div>\n\t\t\t\t<div class=\"elementor-element elementor-element-4f4509c elementor-widget elementor-widget-text-editor\" data-id=\"4f4509c\" data-element_type=\"widget\" data-widget_type=\"text-editor.default\">\n\t\t\t\t<div class=\"elementor-widget-container\">\n\t\t\t\t\t\t\t<p><b>I Congreso Internacional MATERIA. Investigaci\u00f3n y creaci\u00f3n art\u00edstica sobre los estados de la materia<\/b><\/p>\t\t\t\t\t\t<\/div>\n\t\t\t\t<\/div>\n\t\t\t\t<div class=\"elementor-element elementor-element-40bb694 elementor-mobile-align-center elementor-widget elementor-widget-button\" data-id=\"40bb694\" data-element_type=\"widget\" data-widget_type=\"button.default\">\n\t\t\t\t<div class=\"elementor-widget-container\">\n\t\t\t\t\t<div class=\"elementor-button-wrapper\">\n\t\t\t<a href=\"https:\/\/congresocimic.umh.es\/inscripcion\/\" class=\"elementor-button-link elementor-button elementor-size-sm elementor-animation-bob\" role=\"button\">\n\t\t\t\t\t\t<span class=\"elementor-button-content-wrapper\">\n\t\t\t\t\t\t<span class=\"elementor-button-text\">Inscripci\u00f3n<\/span>\n\t\t<\/span>\n\t\t\t\t\t<\/a>\n\t\t<\/div>\n\t\t\t\t<\/div>\n\t\t\t\t<\/div>\n\t\t\t\t\t<\/div>\n\t\t<\/div>\n\t\t\t\t<div class=\"elementor-column elementor-col-50 elementor-top-column elementor-element elementor-element-18b9838b\" data-id=\"18b9838b\" data-element_type=\"column\">\n\t\t\t<div class=\"elementor-widget-wrap elementor-element-populated\">\n\t\t\t\t\t\t\t\t<div class=\"elementor-element elementor-element-4d5acae6 elementor-widget elementor-widget-image\" data-id=\"4d5acae6\" data-element_type=\"widget\" data-widget_type=\"image.default\">\n\t\t\t\t<div class=\"elementor-widget-container\">\n\t\t\t\t\t\t\t\t\t\t\t\t\t\t\t<img width=\"729\" height=\"1024\" src=\"https:\/\/congresocimic.umh.es\/files\/2024\/08\/CARTELES-GENE\u0301RICOS-logos-ok-1400px-729x1024.jpg\" class=\"attachment-large size-large\" alt=\"\" loading=\"lazy\" srcset=\"https:\/\/congresocimic.umh.es\/files\/2024\/08\/CARTELES-GENE\u0301RICOS-logos-ok-1400px-729x1024.jpg 729w, https:\/\/congresocimic.umh.es\/files\/2024\/08\/CARTELES-GENE\u0301RICOS-logos-ok-1400px-213x300.jpg 213w, https:\/\/congresocimic.umh.es\/files\/2024\/08\/CARTELES-GENE\u0301RICOS-logos-ok-1400px-768x1080.jpg 768w, https:\/\/congresocimic.umh.es\/files\/2024\/08\/CARTELES-GENE\u0301RICOS-logos-ok-1400px-980x1378.jpg 980w, https:\/\/congresocimic.umh.es\/files\/2024\/08\/CARTELES-GENE\u0301RICOS-logos-ok-1400px-480x675.jpg 480w, https:\/\/congresocimic.umh.es\/files\/2024\/08\/CARTELES-GENE\u0301RICOS-logos-ok-1400px.jpg 996w\" sizes=\"(max-width: 729px) 100vw, 729px\" \/>\t\t\t\t\t\t\t\t\t\t\t\t\t\t\t<\/div>\n\t\t\t\t<\/div>\n\t\t\t\t<div class=\"elementor-element elementor-element-737bab26 elementor-widget elementor-widget-spacer\" data-id=\"737bab26\" data-element_type=\"widget\" data-widget_type=\"spacer.default\">\n\t\t\t\t<div class=\"elementor-widget-container\">\n\t\t\t\t\t<div class=\"elementor-spacer\">\n\t\t\t<div class=\"elementor-spacer-inner\"><\/div>\n\t\t<\/div>\n\t\t\t\t<\/div>\n\t\t\t\t<\/div>\n\t\t\t\t\t<\/div>\n\t\t<\/div>\n\t\t\t\t\t\t\t<\/div>\n\t\t<\/section>\n\t\t\t\t<section class=\"elementor-section elementor-top-section elementor-element elementor-element-557e1a32 elementor-hidden-tablet elementor-hidden-mobile elementor-section-boxed elementor-section-height-default elementor-section-height-default\" data-id=\"557e1a32\" data-element_type=\"section\" id=\"next\">\n\t\t\t\t\t\t<div class=\"elementor-container elementor-column-gap-no\">\n\t\t\t\t\t<div class=\"elementor-column elementor-col-100 elementor-top-column elementor-element elementor-element-63976ec3\" data-id=\"63976ec3\" data-element_type=\"column\">\n\t\t\t<div class=\"elementor-widget-wrap elementor-element-populated\">\n\t\t\t\t\t\t\t\t<div class=\"elementor-element elementor-element-5c3c9504 elementor-hidden-tablet elementor-hidden-mobile elementor-widget elementor-widget-heading\" data-id=\"5c3c9504\" data-element_type=\"widget\" data-widget_type=\"heading.default\">\n\t\t\t\t<div class=\"elementor-widget-container\">\n\t\t\t<h3 class=\"elementor-heading-title elementor-size-default\">Programa<\/h3>\t\t<\/div>\n\t\t\t\t<\/div>\n\t\t\t\t<div class=\"elementor-element elementor-element-27a067b6 elementor-widget elementor-widget-heading\" data-id=\"27a067b6\" data-element_type=\"widget\" data-widget_type=\"heading.default\">\n\t\t\t\t<div class=\"elementor-widget-container\">\n\t\t\t<p class=\"elementor-heading-title elementor-size-default\">Quien se matricule podr\u00e1 seguir las ponencias por <i>streaming<\/i> en directo.<\/p>\t\t<\/div>\n\t\t\t\t<\/div>\n\t\t\t\t<div class=\"elementor-element elementor-element-cc30be5 elementor-hidden-desktop elementor-widget elementor-widget-image\" data-id=\"cc30be5\" data-element_type=\"widget\" data-widget_type=\"image.default\">\n\t\t\t\t<div class=\"elementor-widget-container\">\n\t\t\t\t\t\t\t\t\t\t\t\t\t\t\t<img width=\"1346\" height=\"1428\" src=\"https:\/\/congresocimic.umh.es\/files\/2024\/07\/Programa.png\" class=\"attachment-full size-full\" alt=\"\" loading=\"lazy\" srcset=\"https:\/\/congresocimic.umh.es\/files\/2024\/07\/Programa.png 1346w, https:\/\/congresocimic.umh.es\/files\/2024\/07\/Programa-1280x1358.png 1280w, https:\/\/congresocimic.umh.es\/files\/2024\/07\/Programa-980x1040.png 980w, https:\/\/congresocimic.umh.es\/files\/2024\/07\/Programa-480x509.png 480w\" sizes=\"(min-width: 0px) and (max-width: 480px) 480px, (min-width: 481px) and (max-width: 980px) 980px, (min-width: 981px) and (max-width: 1280px) 1280px, (min-width: 1281px) 1346px, 100vw\" \/>\t\t\t\t\t\t\t\t\t\t\t\t\t\t\t<\/div>\n\t\t\t\t<\/div>\n\t\t\t\t<section class=\"elementor-section elementor-inner-section elementor-element elementor-element-19e406c elementor-hidden-tablet elementor-hidden-mobile elementor-section-boxed elementor-section-height-default elementor-section-height-default\" data-id=\"19e406c\" data-element_type=\"section\">\n\t\t\t\t\t\t<div class=\"elementor-container elementor-column-gap-default\">\n\t\t\t\t\t<div class=\"elementor-column elementor-col-100 elementor-inner-column elementor-element elementor-element-7a162cb\" data-id=\"7a162cb\" data-element_type=\"column\">\n\t\t\t<div class=\"elementor-widget-wrap elementor-element-populated\">\n\t\t\t\t\t\t\t\t<div class=\"elementor-element elementor-element-9937f20 elementor-widget elementor-widget-text-editor\" data-id=\"9937f20\" data-element_type=\"widget\" data-widget_type=\"text-editor.default\">\n\t\t\t\t<div class=\"elementor-widget-container\">\n\t\t\t\t\t\t\t<table class=\"alignleft\" style=\"height: 344px\" border=\"1\" width=\"1050px\">\n<tbody>\n<tr>\n<td colspan=\"20\">\n<p style=\"text-align: center\"><strong>MI\u00c9RCOLES 6 &#8211; TARDE<\/strong><\/p>\n<\/td>\n<\/tr>\n<tr>\n<td rowspan=\"1\"><span style=\"font-weight: 400\">16:00 h.<\/span><\/td>\n<td rowspan=\"1\"><b>PRIMERA SESI\u00d3N:<\/b><span style=\"font-weight: 400\"> Acto inaugural CIMIC_Grupo MATERIA.<\/span><\/td>\n<\/tr>\n<tr>\n<td rowspan=\"1\"><span style=\"font-weight: 400\">16:20 h.<\/span><\/td>\n<td rowspan=\"1\"><b>L\u00edquido. <\/b><span style=\"font-weight: 400\">H\u00edbridos y fluidos_Ponencia: MARIBEL S\u00c1NCHEZ BONILLA.<\/span><\/td>\n<\/tr>\n<tr>\n<td rowspan=\"1\"><span style=\"font-weight: 400\">16:40 h.<\/span><\/td>\n<td rowspan=\"1\"><b>L\u00edquido. <\/b><span style=\"font-weight: 400\">H\u00edbridos y fluidos_Ponencia: NACHO CARB\u00d3.<\/span><\/td>\n<\/tr>\n<tr>\n<td rowspan=\"1\"><span style=\"font-weight: 400\">17:00 h.<\/span><\/td>\n<td rowspan=\"1\"><b>L\u00edquido. <\/b><span style=\"font-weight: 400\">H\u00edbridos y fluidos_Ponencia: M. JES\u00daS CUETO.<\/span><\/td>\n<\/tr>\n<tr>\n<td rowspan=\"1\"><span style=\"font-weight: 400\">17:20 h.<\/span><\/td>\n<td rowspan=\"1\"><b>S\u00f3lido.<\/b><span style=\"font-weight: 400\"> Tangible y procedimental_Ponencia: NATIVIDAD NAVAL\u00d3N.<\/span><\/td>\n<\/tr>\n<tr>\n<td rowspan=\"1\"><span style=\"font-weight: 400\">17:40 h.<\/span><\/td>\n<td rowspan=\"1\"><b>S\u00f3lido.<\/b><span style=\"font-weight: 400\"> Tangible y procedimental_Ponencia: SUSANA PITEIRA.\u00a0<\/span><\/td>\n<\/tr>\n<tr>\n<td rowspan=\"1\"><span style=\"font-weight: 400\">18:00 a 18:30 h.<\/span><\/td>\n<td rowspan=\"1\"><b>COFFEE BREAK<\/b><\/td>\n<\/tr>\n<tr>\n<td rowspan=\"1\"><span style=\"font-weight: 400\">18:30 h.<\/span><\/td>\n<td rowspan=\"1\"><b>S\u00f3lido.<\/b><span style=\"font-weight: 400\"> Tangible y procedimental_Ponencia: BARTOLOM\u00c9 MONTES.<\/span><\/td>\n<\/tr>\n<tr>\n<td rowspan=\"1\"><span style=\"font-weight: 400\">18:50 h.<\/span><\/td>\n<td rowspan=\"1\"><b>Ef\u00edmero. <\/b><span style=\"font-weight: 400\">Tiempo y acci\u00f3n_Ponencia: SILVIA M\u00c1RQUEZ PEASE.<\/span><\/td>\n<\/tr>\n<tr>\n<td rowspan=\"1\"><span style=\"font-weight: 400\">19:10 h.<\/span><\/td>\n<td rowspan=\"1\"><b>Ef\u00edmero. <\/b><span style=\"font-weight: 400\">Tiempo y acci\u00f3n_Ponencia: MIGUEL MOLINA-ALARC\u00d3N &amp; DUBRAVKA MINDEK.<\/span><\/td>\n<\/tr>\n<tr>\n<td rowspan=\"1\"><span style=\"font-weight: 400\">20:00 a 21:00 h.<\/span><\/td>\n<td rowspan=\"1\"><b>INAUGURACI\u00d3N Exposici\u00f3n Palau Altea Centre d&#8217;Arts_Sala Mirador<\/b><span style=\"font-weight: 400\">\nComisariado: Grupo de investigaci\u00f3n MATERIA.<\/span><\/td>\n<\/tr>\n<tr>\n<td colspan=\"24\">\n<p style=\"text-align: center\"><strong>JUEVES 7 &#8211; MA\u00d1ANA<\/strong><\/p>\n<\/td>\n<\/tr>\n<tr>\n<td><span style=\"font-weight: 400\">10:00 h.<\/span><\/td>\n<td><b>SEGUNDA SESI\u00d3N<\/b><span style=\"font-weight: 400\">_Ponencia: Grupo MATERIA.<\/span><\/td>\n<\/tr>\n<tr>\n<td><span style=\"font-weight: 400\">10:20 h.<\/span><\/td>\n<td><b>Inmaterial. <\/b><span style=\"font-weight: 400\">Pensamiento y discurso_Ponencia: YOLANDA HERRANZ.<\/span><\/td>\n<\/tr>\n<tr>\n<td><span style=\"font-weight: 400\">10:40 h.<\/span><\/td>\n<td><b>Inmaterial. <\/b><span style=\"font-weight: 400\">Pensamiento y discurso_Ponencia: CARLOS BARBER\u00c1.<\/span><\/td>\n<\/tr>\n<tr>\n<td><span style=\"font-weight: 400\">11:00 h.<\/span><\/td>\n<td><b>Inmaterial. <\/b><span style=\"font-weight: 400\">Pensamiento y discurso_Ponencia: DAMI\u00c1N RODR\u00cdGUEZ KEES.<\/span><\/td>\n<\/tr>\n<tr>\n<td><span style=\"font-weight: 400\">11:20 h.<\/span><\/td>\n<td><b>Cierre CIMIC<\/b><span style=\"font-weight: 400\">_Ponencia: PAMEN PEREIRA.<\/span><\/td>\n<\/tr>\n<tr>\n<td rowspan=\"1\"><span style=\"font-weight: 400\">11:40 a 12:00 h.<\/span><\/td>\n<td rowspan=\"1\"><b>COFFEE BREAK<\/b><\/td>\n<\/tr>\n<tr>\n<td><span style=\"font-weight: 400\">12:00 a 14:00 h.<\/span><\/td>\n<td><b>INAUGURACI\u00d3N Exposici\u00f3n C\u00edA<\/b>\n<span style=\"font-weight: 400\"><br>Ponencia: MARCELO LLOBELL.<br>\nArtistas invitados &#8211; Grupo de Investigaci\u00f3n MATERIA<br>\nComisario: Marcelo Llobell.\n<span style=\"font-weight: 400\"><br>\n<b>Performance:<i>(el) ARTE es ARTE<\/i><\/b>\n<span style=\"font-weight: 400\"><br>\nArtista: YOLANDA HERRANZ<\/span>\n<\/span><\/td>\n<\/td>\n<\/tr>\n<\/tbody>\n<\/table>\t\t\t\t\t\t<\/div>\n\t\t\t\t<\/div>\n\t\t\t\t\t<\/div>\n\t\t<\/div>\n\t\t\t\t\t\t\t<\/div>\n\t\t<\/section>\n\t\t\t\t<div class=\"elementor-element elementor-element-5f2047d elementor-widget elementor-widget-spacer\" data-id=\"5f2047d\" data-element_type=\"widget\" data-widget_type=\"spacer.default\">\n\t\t\t\t<div class=\"elementor-widget-container\">\n\t\t\t\t\t<div class=\"elementor-spacer\">\n\t\t\t<div class=\"elementor-spacer-inner\"><\/div>\n\t\t<\/div>\n\t\t\t\t<\/div>\n\t\t\t\t<\/div>\n\t\t\t\t\t<\/div>\n\t\t<\/div>\n\t\t\t\t\t\t\t<\/div>\n\t\t<\/section>\n\t\t\t\t<section class=\"elementor-section elementor-top-section elementor-element elementor-element-30e4bea elementor-section-boxed elementor-section-height-default elementor-section-height-default\" data-id=\"30e4bea\" data-element_type=\"section\">\n\t\t\t\t\t\t<div class=\"elementor-container elementor-column-gap-no\">\n\t\t\t\t\t<div class=\"elementor-column elementor-col-100 elementor-top-column elementor-element elementor-element-0bc802e elementor-hidden-desktop\" data-id=\"0bc802e\" data-element_type=\"column\">\n\t\t\t<div class=\"elementor-widget-wrap elementor-element-populated\">\n\t\t\t\t\t\t\t\t<div class=\"elementor-element elementor-element-09ffcdb elementor-widget elementor-widget-heading\" data-id=\"09ffcdb\" data-element_type=\"widget\" data-widget_type=\"heading.default\">\n\t\t\t\t<div class=\"elementor-widget-container\">\n\t\t\t<p class=\"elementor-heading-title elementor-size-default\">El personal que se matricule podr\u00e1 seguir las ponencias por streaming en directo.<\/p>\t\t<\/div>\n\t\t\t\t<\/div>\n\t\t\t\t<div class=\"elementor-element elementor-element-3b59bfd elementor-widget elementor-widget-image\" data-id=\"3b59bfd\" data-element_type=\"widget\" data-widget_type=\"image.default\">\n\t\t\t\t<div class=\"elementor-widget-container\">\n\t\t\t\t\t\t\t\t\t\t\t\t\t\t\t<img width=\"774\" height=\"1650\" src=\"https:\/\/congresocimic.umh.es\/files\/2024\/09\/Programa-septiembre-CIMIC.png\" class=\"attachment-full size-full\" alt=\"\" loading=\"lazy\" srcset=\"https:\/\/congresocimic.umh.es\/files\/2024\/09\/Programa-septiembre-CIMIC.png 774w, https:\/\/congresocimic.umh.es\/files\/2024\/09\/Programa-septiembre-CIMIC-480x1023.png 480w\" sizes=\"(min-width: 0px) and (max-width: 480px) 480px, (min-width: 481px) 774px, 100vw\" \/>\t\t\t\t\t\t\t\t\t\t\t\t\t\t\t<\/div>\n\t\t\t\t<\/div>\n\t\t\t\t<div class=\"elementor-element elementor-element-d933d97 elementor-widget elementor-widget-spacer\" data-id=\"d933d97\" data-element_type=\"widget\" data-widget_type=\"spacer.default\">\n\t\t\t\t<div class=\"elementor-widget-container\">\n\t\t\t\t\t<div class=\"elementor-spacer\">\n\t\t\t<div class=\"elementor-spacer-inner\"><\/div>\n\t\t<\/div>\n\t\t\t\t<\/div>\n\t\t\t\t<\/div>\n\t\t\t\t\t<\/div>\n\t\t<\/div>\n\t\t\t\t\t\t\t<\/div>\n\t\t<\/section>\n\t\t\t\t<section class=\"elementor-section elementor-top-section elementor-element elementor-element-1042a4ce elementor-hidden-tablet elementor-hidden-mobile elementor-section-boxed elementor-section-height-default elementor-section-height-default\" data-id=\"1042a4ce\" data-element_type=\"section\" data-settings=\"{&quot;background_background&quot;:&quot;classic&quot;}\">\n\t\t\t\t\t\t<div class=\"elementor-container elementor-column-gap-default\">\n\t\t\t\t\t<div class=\"elementor-column elementor-col-100 elementor-top-column elementor-element elementor-element-5b638c9a\" data-id=\"5b638c9a\" data-element_type=\"column\">\n\t\t\t<div class=\"elementor-widget-wrap elementor-element-populated\">\n\t\t\t\t\t\t\t\t<div class=\"elementor-element elementor-element-5be62081 elementor-widget elementor-widget-image\" data-id=\"5be62081\" data-element_type=\"widget\" data-widget_type=\"image.default\">\n\t\t\t\t<div class=\"elementor-widget-container\">\n\t\t\t\t\t\t\t\t\t\t\t\t\t\t\t<img width=\"3813\" height=\"345\" src=\"https:\/\/congresocimic.umh.es\/files\/2024\/08\/logos-CIMIC-2024-HORIZONTAL-act-agosto-ok.png\" class=\"attachment-full size-full\" alt=\"\" loading=\"lazy\" srcset=\"https:\/\/congresocimic.umh.es\/files\/2024\/08\/logos-CIMIC-2024-HORIZONTAL-act-agosto-ok.png 3813w, https:\/\/congresocimic.umh.es\/files\/2024\/08\/logos-CIMIC-2024-HORIZONTAL-act-agosto-ok-1280x116.png 1280w, https:\/\/congresocimic.umh.es\/files\/2024\/08\/logos-CIMIC-2024-HORIZONTAL-act-agosto-ok-980x89.png 980w, https:\/\/congresocimic.umh.es\/files\/2024\/08\/logos-CIMIC-2024-HORIZONTAL-act-agosto-ok-480x43.png 480w\" sizes=\"(min-width: 0px) and (max-width: 480px) 480px, (min-width: 481px) and (max-width: 980px) 980px, (min-width: 981px) and (max-width: 1280px) 1280px, (min-width: 1281px) 3813px, 100vw\" \/>\t\t\t\t\t\t\t\t\t\t\t\t\t\t\t<\/div>\n\t\t\t\t<\/div>\n\t\t\t\t\t<\/div>\n\t\t<\/div>\n\t\t\t\t\t\t\t<\/div>\n\t\t<\/section>\n\t\t\t\t<section class=\"elementor-section elementor-top-section elementor-element elementor-element-142f49a elementor-hidden-desktop elementor-section-boxed elementor-section-height-default elementor-section-height-default\" data-id=\"142f49a\" data-element_type=\"section\" data-settings=\"{&quot;background_background&quot;:&quot;classic&quot;}\">\n\t\t\t\t\t\t<div class=\"elementor-container elementor-column-gap-default\">\n\t\t\t\t\t<div class=\"elementor-column elementor-col-100 elementor-top-column elementor-element elementor-element-cca3d85\" data-id=\"cca3d85\" data-element_type=\"column\">\n\t\t\t<div class=\"elementor-widget-wrap elementor-element-populated\">\n\t\t\t\t\t\t\t\t<div class=\"elementor-element elementor-element-5e190b0 elementor-widget elementor-widget-image\" data-id=\"5e190b0\" data-element_type=\"widget\" data-widget_type=\"image.default\">\n\t\t\t\t<div class=\"elementor-widget-container\">\n\t\t\t\t\t\t\t\t\t\t\t\t\t\t\t<img width=\"3813\" height=\"345\" src=\"https:\/\/congresocimic.umh.es\/files\/2024\/08\/logos-CIMIC-2024-HORIZONTAL-act-agosto-ok.png\" class=\"attachment-full size-full\" alt=\"\" loading=\"lazy\" srcset=\"https:\/\/congresocimic.umh.es\/files\/2024\/08\/logos-CIMIC-2024-HORIZONTAL-act-agosto-ok.png 3813w, https:\/\/congresocimic.umh.es\/files\/2024\/08\/logos-CIMIC-2024-HORIZONTAL-act-agosto-ok-1280x116.png 1280w, https:\/\/congresocimic.umh.es\/files\/2024\/08\/logos-CIMIC-2024-HORIZONTAL-act-agosto-ok-980x89.png 980w, https:\/\/congresocimic.umh.es\/files\/2024\/08\/logos-CIMIC-2024-HORIZONTAL-act-agosto-ok-480x43.png 480w\" sizes=\"(min-width: 0px) and (max-width: 480px) 480px, (min-width: 481px) and (max-width: 980px) 980px, (min-width: 981px) and (max-width: 1280px) 1280px, (min-width: 1281px) 3813px, 100vw\" \/>\t\t\t\t\t\t\t\t\t\t\t\t\t\t\t<\/div>\n\t\t\t\t<\/div>\n\t\t\t\t\t<\/div>\n\t\t<\/div>\n\t\t\t\t\t\t\t<\/div>\n\t\t<\/section>\n\t\t\t\t\t\t<\/div>\n\t\t\t\t\t<\/div>\n\t\t","protected":false},"excerpt":{"rendered":"<p>PROGRAMA<br \/>\nEDICI\u00d3N 2024<br \/>\nI Congreso Internacional MATERIA. Investigaci\u00f3n y creaci\u00f3n art\u00edstica sobre los estados de la materia<\/p>\n<p>\t\t\t\t\t\tInscripci\u00f3n<\/p>\n<p>Programa<br \/>\nQuien se matricule podr\u00e1 seguir las ponencias por streaming en directo.<\/p>\n<p>MI\u00c9RCOLES 6 &#8211; TARDE<\/p>\n<p>16:00 h.<br \/>\nPRIMERA SESI\u00d3N: Acto inaugural CIMIC_Grupo MATERIA.<\/p>\n<p>16:20 h.<br \/>\nL\u00edquido. H\u00edbridos y fluidos_Ponencia: MARIBEL S\u00c1NCHEZ BONILLA.<\/p>\n<p>16:40 h.<br \/>\nL\u00edquido. H\u00edbridos y fluidos_Ponencia: NACHO CARB\u00d3.<\/p>\n<p>17:00 h.<br \/>\nL\u00edquido. H\u00edbridos y fluidos_Ponencia: M. JES\u00daS CUETO.<\/p>\n<p>17:20 h.<br \/>\nS\u00f3lido. [&#8230;]<\/p>\n","protected":false},"author":5001,"featured_media":0,"parent":0,"menu_order":0,"comment_status":"closed","ping_status":"closed","template":"elementor_header_footer","meta":{"_et_pb_use_builder":"","_et_pb_old_content":"","_et_gb_content_width":"","_links_to":"","_links_to_target":""},"_links":{"self":[{"href":"https:\/\/congresocimic.umh.es\/ca\/wp-json\/wp\/v2\/pages\/62"}],"collection":[{"href":"https:\/\/congresocimic.umh.es\/ca\/wp-json\/wp\/v2\/pages"}],"about":[{"href":"https:\/\/congresocimic.umh.es\/ca\/wp-json\/wp\/v2\/types\/page"}],"author":[{"embeddable":true,"href":"https:\/\/congresocimic.umh.es\/ca\/wp-json\/wp\/v2\/users\/5001"}],"replies":[{"embeddable":true,"href":"https:\/\/congresocimic.umh.es\/ca\/wp-json\/wp\/v2\/comments?post=62"}],"version-history":[{"count":0,"href":"https:\/\/congresocimic.umh.es\/ca\/wp-json\/wp\/v2\/pages\/62\/revisions"}],"wp:attachment":[{"href":"https:\/\/congresocimic.umh.es\/ca\/wp-json\/wp\/v2\/media?parent=62"}],"curies":[{"name":"wp","href":"https:\/\/api.w.org\/{rel}","templated":true}]}}