{"id":44,"date":"2024-07-27T12:42:31","date_gmt":"2024-07-27T10:42:31","guid":{"rendered":"https:\/\/congresocimic.umh.es\/home-2\/"},"modified":"2024-08-06T21:09:33","modified_gmt":"2024-08-06T19:09:33","slug":"home-2","status":"publish","type":"page","link":"https:\/\/congresocimic.umh.es\/ca\/","title":{"rendered":"HOME"},"content":{"rendered":"\t\t<div data-elementor-type=\"wp-page\" data-elementor-id=\"44\" class=\"elementor elementor-44\" data-elementor-settings=\"[]\">\n\t\t\t\t\t\t\t<div class=\"elementor-section-wrap\">\n\t\t\t\t\t\t\t<section class=\"elementor-section elementor-top-section elementor-element elementor-element-6dbb3358 elementor-section-full_width elementor-hidden-tablet elementor-hidden-phone elementor-section-height-default elementor-section-height-default\" data-id=\"6dbb3358\" data-element_type=\"section\">\n\t\t\t\t\t\t<div class=\"elementor-container elementor-column-gap-no\">\n\t\t\t\t\t<div class=\"elementor-column elementor-col-100 elementor-top-column elementor-element elementor-element-567d9bdc\" data-id=\"567d9bdc\" data-element_type=\"column\">\n\t\t\t<div class=\"elementor-widget-wrap elementor-element-populated\">\n\t\t\t\t\t\t\t\t<div class=\"elementor-element elementor-element-e2cb9c4 elementor-widget elementor-widget-slider_revolution\" data-id=\"e2cb9c4\" data-element_type=\"widget\" data-widget_type=\"slider_revolution.default\">\n\t\t\t\t<div class=\"elementor-widget-container\">\n\t\t\t\n\t\t<div class=\"wp-block-themepunch-revslider\">\n\t\t\t<!-- START FullSite Block #1 REVOLUTION SLIDER 6.5.14 --><p class=\"rs-p-wp-fix\"><\/p>\n\t\t\t<rs-module-wrap id=\"start_wrapper\" data-source=\"gallery\" style=\"visibility:hidden;background:transparent;padding:0;\">\n\t\t\t\t<rs-module id=\"start\" style=\"\" data-version=\"6.5.14\">\n\t\t\t\t\t<rs-slides>\n\t\t\t\t\t\t<rs-slide style=\"position: absolute;\" data-key=\"rs-26\" data-title=\"Intro\" data-in=\"o:0;\" data-out=\"a:false;\">\n\t\t\t\t\t\t\t<img src=\"\/\/congresocimic.umh.es\/wp-content\/plugins\/revslider\/public\/assets\/assets\/dummy.png\" alt=\"Intro\" title=\"HOME\" class=\"rev-slidebg tp-rs-img rs-lazyload\" data-lazyload=\"\/\/congresocimic.umh.es\/wp-content\/plugins\/revslider\/public\/assets\/assets\/transparent.png\" data-bg=\"c:#f9f9f9;\" data-parallax=\"5\" data-no-retina>\n<!--\n\t\t\t\t\t\t\t--><rs-layer\n\t\t\t\t\t\t\t\tid=\"slider-5-slide-26-layer-0\" \n\t\t\t\t\t\t\t\tdata-type=\"image\"\n\t\t\t\t\t\t\t\tdata-rsp_ch=\"on\"\n\t\t\t\t\t\t\t\tdata-xy=\"xo:26px,21px,15px,9px;yo:682px,563px,427px,263px;\"\n\t\t\t\t\t\t\t\tdata-text=\"w:normal;s:20,16,12,7;l:0,20,15,9;\"\n\t\t\t\t\t\t\t\tdata-dim=\"w:940px,776px,589px,363px;h:85px,70px,53px,32px;\"\n\t\t\t\t\t\t\t\tdata-frame_0=\"x:50,41,31,19;\"\n\t\t\t\t\t\t\t\tdata-frame_1=\"st:1000;sp:1000;\"\n\t\t\t\t\t\t\t\tdata-frame_999=\"o:0;st:w;sR:6500;\"\n\t\t\t\t\t\t\t\tstyle=\"z-index:12;\"\n\t\t\t\t\t\t\t><img loading=\"lazy\" src=\"\/\/congresocimic.umh.es\/wp-content\/plugins\/revslider\/public\/assets\/assets\/dummy.png\" alt=\"\" class=\"tp-rs-img rs-lazyload\" width=\"3813\" height=\"345\" data-lazyload=\"\/\/congresocimic.umh.es\/files\/2024\/08\/logos-CIMIC-2024-HORIZONTAL-act-agosto-ok.png\" data-no-retina> \n\t\t\t\t\t\t\t<\/rs-layer><!--\n\n\t\t\t\t\t\t\t--><h1\n\t\t\t\t\t\t\t\tid=\"slider-5-slide-26-layer-3\" \n\t\t\t\t\t\t\t\tclass=\"rs-layer FullSiteBlock-Title rs-pxl-1\"\n\t\t\t\t\t\t\t\tdata-type=\"text\"\n\t\t\t\t\t\t\t\tdata-color=\"rgba(51,51,51,1)\"\n\t\t\t\t\t\t\t\tdata-rsp_ch=\"on\"\n\t\t\t\t\t\t\t\tdata-xy=\"x:c,l,l,l;xo:4px,0,10px,20px;y:m,t,t,t;yo:148px,200px,210px,150px;\"\n\t\t\t\t\t\t\t\tdata-text=\"w:normal;s:45,50,40,30;l:50,60,50,40;fw:500,300,300,300;a:center;\"\n\t\t\t\t\t\t\t\tdata-dim=\"w:auto,500px,350px,200px;\"\n\t\t\t\t\t\t\t\tdata-frame_0=\"y:50px;\"\n\t\t\t\t\t\t\t\tdata-frame_1=\"e:power4.out;st:250;sp:2500;sR:250;\"\n\t\t\t\t\t\t\t\tdata-frame_999=\"o:0;e:power4.in;st:w;sp:1500;sR:6250;\"\n\t\t\t\t\t\t\t\tstyle=\"z-index:10;font-family:'Rajdhani';\"\n\t\t\t\t\t\t\t>I Congreso Internacional <font color=\"#bab705\">MATERIA<\/font><br\/>\nInvestigaci\u00f3n y Creaci\u00f3n Art\u00edstica \nsobre los Estados de la Materia \n\t\t\t\t\t\t\t<\/h1><!--\n\n\t\t\t\t\t\t\t--><rs-layer\n\t\t\t\t\t\t\t\tid=\"slider-5-slide-26-layer-7\" \n\t\t\t\t\t\t\t\tclass=\"rs-pxl-10\"\n\t\t\t\t\t\t\t\tdata-type=\"image\"\n\t\t\t\t\t\t\t\tdata-rsp_ch=\"on\"\n\t\t\t\t\t\t\t\tdata-xy=\"x:c,l,l,l;xo:-50px,613px,481px,271px;yo:-19px,83px,103px,91px;\"\n\t\t\t\t\t\t\t\tdata-text=\"l:22;\"\n\t\t\t\t\t\t\t\tdata-dim=\"w:1000px,500px,400px,300px;h:459px,583px,467px,350px;\"\n\t\t\t\t\t\t\t\tdata-frame_0=\"y:-100px;tp:1000;\"\n\t\t\t\t\t\t\t\tdata-frame_1=\"tp:1000;e:power4.out;st:1000;sp:3000;sR:1000;\"\n\t\t\t\t\t\t\t\tdata-frame_999=\"o:0;tp:1000;e:nothing;st:w;sR:5000;\"\n\t\t\t\t\t\t\t\tstyle=\"z-index:9;\"\n\t\t\t\t\t\t\t><img loading=\"lazy\" src=\"\/\/congresocimic.umh.es\/wp-content\/plugins\/revslider\/public\/assets\/assets\/dummy.png\" alt=\"\" class=\"tp-rs-img rs-lazyload\" width=\"1465\" height=\"672\" data-lazyload=\"\/\/congresocimic.umh.es\/files\/2024\/07\/Branding-CIMIC-03-copia-1.png\" data-no-retina> \n\t\t\t\t\t\t\t<\/rs-layer><!--\n\n\t\t\t\t\t\t\t--><a\n\t\t\t\t\t\t\t\tid=\"slider-5-slide-26-layer-14\" \n\t\t\t\t\t\t\t\tclass=\"rs-layer tp-rs-menulink FullSiteBlock-DownButton rev-btn rs-pxl-6\"\n\t\t\t\t\t\t\t\thref=\"#about\" target=\"_self\"\n\t\t\t\t\t\t\t\tdata-type=\"button\"\n\t\t\t\t\t\t\t\tdata-color=\"rgba(51,51,51,1)\"\n\t\t\t\t\t\t\t\tdata-xy=\"xo:50px,30px,20px,10px;y:b;yo:50px,30px,20px,10px;\"\n\t\t\t\t\t\t\t\tdata-text=\"s:25;l:32;fw:500;a:center;\"\n\t\t\t\t\t\t\t\tdata-dim=\"w:30px;h:30px;\"\n\t\t\t\t\t\t\t\tdata-vbility=\"t,t,f,f\"\n\t\t\t\t\t\t\t\tdata-basealign=\"slide\"\n\t\t\t\t\t\t\t\tdata-rsp_o=\"off\"\n\t\t\t\t\t\t\t\tdata-rsp_bd=\"off\"\n\t\t\t\t\t\t\t\tdata-padding=\"t:1;r:1;b:1;l:1;\"\n\t\t\t\t\t\t\t\tdata-border=\"bos:solid;boc:rgba(51,51,51,1);bow:1px,1px,1px,1px;bor:30px,30px,30px,30px;\"\n\t\t\t\t\t\t\t\tdata-frame_0=\"y:10px;\"\n\t\t\t\t\t\t\t\tdata-frame_1=\"e:power4.out;st:1000;sp:1000;sR:1000;\"\n\t\t\t\t\t\t\t\tdata-frame_999=\"o:0;e:nothing;st:w;sR:7000;\"\n\t\t\t\t\t\t\t\tdata-frame_hover=\"c:#0096ff;boc:#0096ff;bor:30px,30px,30px,30px;bos:solid;bow:1px,1px,1px,1px;oX:50;oY:50;e:power1.inOut;\"\n\t\t\t\t\t\t\t\tstyle=\"z-index:11;font-family:'Roboto';cursor:pointer;outline:none;box-shadow:none;box-sizing:border-box;-moz-box-sizing:border-box;-webkit-box-sizing:border-box;\"\n\t\t\t\t\t\t\t><i class=\"pe-7s-angle-down\"><\/i> \n\t\t\t\t\t\t\t<\/a><!--\n-->\t\t\t\t\t\t<\/rs-slide>\n\t\t\t\t\t<\/rs-slides>\n\t\t\t\t<\/rs-module>\n\t\t\t\t<script>\n\t\t\t\t\tsetREVStartSize({c: 'start',rl:[1240,1024,778,480],el:[800,768,700,700],gw:[1240,1024,778,480],gh:[800,768,700,700],type:'hero',justify:'',layout:'fullscreen',offsetContainer:'',offset:'',mh:\"0\"});if (window.RS_MODULES!==undefined && window.RS_MODULES.modules!==undefined && window.RS_MODULES.modules[\"start\"]!==undefined) {window.RS_MODULES.modules[\"start\"].once = false;window.revapi5 = undefined;if (window.RS_MODULES.checkMinimal!==undefined) window.RS_MODULES.checkMinimal()}\n\t\t\t\t<\/script>\n\t\t\t<\/rs-module-wrap>\n\t\t\t<!-- END REVOLUTION SLIDER -->\n<\/div>\n\n\t\t\t\t<\/div>\n\t\t\t\t<\/div>\n\t\t\t\t\t<\/div>\n\t\t<\/div>\n\t\t\t\t\t\t\t<\/div>\n\t\t<\/section>\n\t\t\t\t<section class=\"elementor-section elementor-top-section elementor-element elementor-element-aae7f10 elementor-hidden-desktop elementor-section-boxed elementor-section-height-default elementor-section-height-default\" data-id=\"aae7f10\" data-element_type=\"section\" data-settings=\"{&quot;background_background&quot;:&quot;classic&quot;}\">\n\t\t\t\t\t\t\t<div class=\"elementor-background-overlay\"><\/div>\n\t\t\t\t\t\t\t<div class=\"elementor-container elementor-column-gap-default\">\n\t\t\t\t\t<div class=\"elementor-column elementor-col-100 elementor-top-column elementor-element elementor-element-5678d778\" data-id=\"5678d778\" data-element_type=\"column\" data-settings=\"{&quot;background_background&quot;:&quot;classic&quot;}\">\n\t\t\t<div class=\"elementor-widget-wrap elementor-element-populated\">\n\t\t\t\t\t<div class=\"elementor-background-overlay\"><\/div>\n\t\t\t\t\t\t\t\t<div class=\"elementor-element elementor-element-4a17e247 elementor-widget elementor-widget-image\" data-id=\"4a17e247\" data-element_type=\"widget\" data-widget_type=\"image.default\">\n\t\t\t\t<div class=\"elementor-widget-container\">\n\t\t\t\t\t\t\t\t\t\t\t\t\t\t\t<img width=\"996\" height=\"1400\" src=\"https:\/\/congresocimic.umh.es\/files\/2024\/08\/CARTELES-GENE\u0301RICOS-logos-ok-1400px.jpg\" class=\"attachment-full size-full\" alt=\"\" loading=\"lazy\" srcset=\"https:\/\/congresocimic.umh.es\/files\/2024\/08\/CARTELES-GENE\u0301RICOS-logos-ok-1400px.jpg 996w, https:\/\/congresocimic.umh.es\/files\/2024\/08\/CARTELES-GENE\u0301RICOS-logos-ok-1400px-213x300.jpg 213w, https:\/\/congresocimic.umh.es\/files\/2024\/08\/CARTELES-GENE\u0301RICOS-logos-ok-1400px-729x1024.jpg 729w, https:\/\/congresocimic.umh.es\/files\/2024\/08\/CARTELES-GENE\u0301RICOS-logos-ok-1400px-768x1080.jpg 768w, https:\/\/congresocimic.umh.es\/files\/2024\/08\/CARTELES-GENE\u0301RICOS-logos-ok-1400px-980x1378.jpg 980w, https:\/\/congresocimic.umh.es\/files\/2024\/08\/CARTELES-GENE\u0301RICOS-logos-ok-1400px-480x675.jpg 480w\" sizes=\"(max-width: 996px) 100vw, 996px\" \/>\t\t\t\t\t\t\t\t\t\t\t\t\t\t\t<\/div>\n\t\t\t\t<\/div>\n\t\t\t\t\t<\/div>\n\t\t<\/div>\n\t\t\t\t\t\t\t<\/div>\n\t\t<\/section>\n\t\t\t\t\t\t<\/div>\n\t\t\t\t\t<\/div>\n\t\t","protected":false},"excerpt":{"rendered":"<p>\t\t\t\t\t\t\tI Congreso Internacional MATERIA<br \/>\nInvestigaci\u00f3n y Creaci\u00f3n Art\u00edstica<br \/>\nsobre los Estados de la Materia <\/p>\n<p>\t\t\t\t\tsetREVStartSize({c: &#8216;start_1&#8242;,rl:[1240,1024,778,480],el:[800,768,700,700],gw:[1240,1024,778,480],gh:[800,768,700,700],type:&#8217;hero&#8217;,justify:&#8221;,layout:&#8217;fullscreen&#8217;,offsetContainer:&#8221;,offset:&#8221;,mh:&#8221;0&#8243;});if (window.RS_MODULES!==undefined &#038;&#038; window.RS_MODULES.modules!==undefined &#038;&#038; window.RS_MODULES.modules[&#8220;start1&#8221;]!==undefined) {window.RS_MODULES.modules[&#8220;start1&#8221;].once = false;window.revapi5_2 = undefined;if (window.RS_MODULES.checkMinimal!==undefined) window.RS_MODULES.checkMinimal()}<\/p>\n","protected":false},"author":5001,"featured_media":0,"parent":0,"menu_order":0,"comment_status":"closed","ping_status":"closed","template":"elementor_header_footer","meta":{"_et_pb_use_builder":"","_et_pb_old_content":"","_et_gb_content_width":"","_links_to":"","_links_to_target":""},"_links":{"self":[{"href":"https:\/\/congresocimic.umh.es\/ca\/wp-json\/wp\/v2\/pages\/44"}],"collection":[{"href":"https:\/\/congresocimic.umh.es\/ca\/wp-json\/wp\/v2\/pages"}],"about":[{"href":"https:\/\/congresocimic.umh.es\/ca\/wp-json\/wp\/v2\/types\/page"}],"author":[{"embeddable":true,"href":"https:\/\/congresocimic.umh.es\/ca\/wp-json\/wp\/v2\/users\/5001"}],"replies":[{"embeddable":true,"href":"https:\/\/congresocimic.umh.es\/ca\/wp-json\/wp\/v2\/comments?post=44"}],"version-history":[{"count":0,"href":"https:\/\/congresocimic.umh.es\/ca\/wp-json\/wp\/v2\/pages\/44\/revisions"}],"wp:attachment":[{"href":"https:\/\/congresocimic.umh.es\/ca\/wp-json\/wp\/v2\/media?parent=44"}],"curies":[{"name":"wp","href":"https:\/\/api.w.org\/{rel}","templated":true}]}}