{"id":32,"date":"2024-07-27T12:42:25","date_gmt":"2024-07-27T10:42:25","guid":{"rendered":"https:\/\/congresocimic.umh.es\/organizacion\/"},"modified":"2024-09-09T16:47:55","modified_gmt":"2024-09-09T14:47:55","slug":"organizacion","status":"publish","type":"page","link":"https:\/\/congresocimic.umh.es\/ca\/organizacion\/","title":{"rendered":"ORGANIZACI\u00d3N"},"content":{"rendered":"\t\t<div data-elementor-type=\"wp-page\" data-elementor-id=\"32\" class=\"elementor elementor-32\" data-elementor-settings=\"[]\">\n\t\t\t\t\t\t\t<div class=\"elementor-section-wrap\">\n\t\t\t\t\t\t\t<section class=\"elementor-section elementor-top-section elementor-element elementor-element-540a00c5 elementor-section-full_width elementor-hidden-tablet elementor-hidden-mobile elementor-section-height-default elementor-section-height-default\" data-id=\"540a00c5\" data-element_type=\"section\">\n\t\t\t\t\t\t<div class=\"elementor-container elementor-column-gap-default\">\n\t\t\t\t\t<div class=\"elementor-column elementor-col-50 elementor-top-column elementor-element elementor-element-4a610db9 elementor-hidden-tablet elementor-hidden-phone\" data-id=\"4a610db9\" data-element_type=\"column\" data-settings=\"{&quot;background_background&quot;:&quot;classic&quot;}\">\n\t\t\t<div class=\"elementor-widget-wrap elementor-element-populated\">\n\t\t\t\t\t<div class=\"elementor-background-overlay\"><\/div>\n\t\t\t\t\t\t\t\t\t<\/div>\n\t\t<\/div>\n\t\t\t\t<div class=\"elementor-column elementor-col-50 elementor-top-column elementor-element elementor-element-3bc1c44\" data-id=\"3bc1c44\" data-element_type=\"column\">\n\t\t\t<div class=\"elementor-widget-wrap elementor-element-populated\">\n\t\t\t\t\t\t\t\t<div class=\"elementor-element elementor-element-5bee58ed elementor-widget elementor-widget-text-editor\" data-id=\"5bee58ed\" data-element_type=\"widget\" data-widget_type=\"text-editor.default\">\n\t\t\t\t<div class=\"elementor-widget-container\">\n\t\t\t\t\t\t\t<h5>COMIT\u00c9 ORGANIZADOR<\/h5>\t\t\t\t\t\t<\/div>\n\t\t\t\t<\/div>\n\t\t\t\t<div class=\"elementor-element elementor-element-7fbeeb01 elementor-widget elementor-widget-text-editor\" data-id=\"7fbeeb01\" data-element_type=\"widget\" data-widget_type=\"text-editor.default\">\n\t\t\t\t<div class=\"elementor-widget-container\">\n\t\t\t\t\t\t\t<h2>DIRECCI\u00d3N<\/h2>\t\t\t\t\t\t<\/div>\n\t\t\t\t<\/div>\n\t\t\t\t<div class=\"elementor-element elementor-element-f4a65ef elementor-widget elementor-widget-text-editor\" data-id=\"f4a65ef\" data-element_type=\"widget\" data-widget_type=\"text-editor.default\">\n\t\t\t\t<div class=\"elementor-widget-container\">\n\t\t\t\t\t\t\t<p>Dr. Juan Fco. Mart\u00ednez G\u00f3mez de Albacete<br \/>Dra. Mar\u00eda Jos\u00e9 Zan\u00f3n Cuenca<\/p>\t\t\t\t\t\t<\/div>\n\t\t\t\t<\/div>\n\t\t\t\t<div class=\"elementor-element elementor-element-7f1a1cb7 elementor-widget elementor-widget-text-editor\" data-id=\"7f1a1cb7\" data-element_type=\"widget\" data-widget_type=\"text-editor.default\">\n\t\t\t\t<div class=\"elementor-widget-container\">\n\t\t\t\t\t\t\t<h2>EQUIPO ORGANIZADOR:<\/h2>\t\t\t\t\t\t<\/div>\n\t\t\t\t<\/div>\n\t\t\t\t<div class=\"elementor-element elementor-element-6b3518b7 elementor-widget elementor-widget-text-editor\" data-id=\"6b3518b7\" data-element_type=\"widget\" data-widget_type=\"text-editor.default\">\n\t\t\t\t<div class=\"elementor-widget-container\">\n\t\t\t\t\t\t\t<p>Dra. Amparo Alepuz Rostoll<br \/>Dra. Elia Torrecilla Pati\u00f1o<br \/>Dra. Imma Mengual P\u00e9rez<br \/>Dra. Lourdes Santamar\u00eda Blasco<br \/>Dra. Pilar Viviente Sol\u00e9<\/p>\t\t\t\t\t\t<\/div>\n\t\t\t\t<\/div>\n\t\t\t\t\t<\/div>\n\t\t<\/div>\n\t\t\t\t\t\t\t<\/div>\n\t\t<\/section>\n\t\t\t\t<section class=\"elementor-section elementor-top-section elementor-element elementor-element-203fde54 elementor-section-full_width elementor-hidden-desktop elementor-section-height-default elementor-section-height-default\" data-id=\"203fde54\" data-element_type=\"section\">\n\t\t\t\t\t\t<div class=\"elementor-container elementor-column-gap-default\">\n\t\t\t\t\t<div class=\"elementor-column elementor-col-50 elementor-top-column elementor-element elementor-element-2a68d7bf\" data-id=\"2a68d7bf\" data-element_type=\"column\" data-settings=\"{&quot;background_background&quot;:&quot;classic&quot;}\">\n\t\t\t<div class=\"elementor-widget-wrap elementor-element-populated\">\n\t\t\t\t\t\t\t\t<div class=\"elementor-element elementor-element-630ed30c elementor-hidden-desktop elementor-widget elementor-widget-heading\" data-id=\"630ed30c\" data-element_type=\"widget\" data-widget_type=\"heading.default\">\n\t\t\t\t<div class=\"elementor-widget-container\">\n\t\t\t<p class=\"elementor-heading-title elementor-size-default\">CIMIC<\/p>\t\t<\/div>\n\t\t\t\t<\/div>\n\t\t\t\t<div class=\"elementor-element elementor-element-65228ff4 elementor-widget elementor-widget-heading\" data-id=\"65228ff4\" data-element_type=\"widget\" data-widget_type=\"heading.default\">\n\t\t\t\t<div class=\"elementor-widget-container\">\n\t\t\t<h1 class=\"elementor-heading-title elementor-size-default\">I Congreso Internacional MATERIA. Investigaci\u00f3n Art\u00edstica sobre los Estados de la Materia<\/h1>\t\t<\/div>\n\t\t\t\t<\/div>\n\t\t\t\t\t<\/div>\n\t\t<\/div>\n\t\t\t\t<div class=\"elementor-column elementor-col-50 elementor-top-column elementor-element elementor-element-4d2158ae\" data-id=\"4d2158ae\" data-element_type=\"column\">\n\t\t\t<div class=\"elementor-widget-wrap elementor-element-populated\">\n\t\t\t\t\t\t\t\t<div class=\"elementor-element elementor-element-2630871c elementor-widget elementor-widget-text-editor\" data-id=\"2630871c\" data-element_type=\"widget\" data-widget_type=\"text-editor.default\">\n\t\t\t\t<div class=\"elementor-widget-container\">\n\t\t\t\t\t\t\t<h5>COMIT\u00c9 ORGANIZADOR<\/h5>\t\t\t\t\t\t<\/div>\n\t\t\t\t<\/div>\n\t\t\t\t<div class=\"elementor-element elementor-element-f1ba121 elementor-widget elementor-widget-text-editor\" data-id=\"f1ba121\" data-element_type=\"widget\" data-widget_type=\"text-editor.default\">\n\t\t\t\t<div class=\"elementor-widget-container\">\n\t\t\t\t\t\t\t<h2>DIRECCI\u00d3N<\/h2>\t\t\t\t\t\t<\/div>\n\t\t\t\t<\/div>\n\t\t\t\t<div class=\"elementor-element elementor-element-2908d955 elementor-widget elementor-widget-text-editor\" data-id=\"2908d955\" data-element_type=\"widget\" data-widget_type=\"text-editor.default\">\n\t\t\t\t<div class=\"elementor-widget-container\">\n\t\t\t\t\t\t\t<p>Dr. Juan Fco. Mart\u00ednez G\u00f3mez de Albacete<br \/>Dra. Mar\u00eda Jos\u00e9 Zan\u00f3n Cuenca<\/p>\t\t\t\t\t\t<\/div>\n\t\t\t\t<\/div>\n\t\t\t\t<div class=\"elementor-element elementor-element-25005f32 elementor-widget elementor-widget-text-editor\" data-id=\"25005f32\" data-element_type=\"widget\" data-widget_type=\"text-editor.default\">\n\t\t\t\t<div class=\"elementor-widget-container\">\n\t\t\t\t\t\t\t<h2>EQUIPO ORGANIZADOR:<\/h2>\t\t\t\t\t\t<\/div>\n\t\t\t\t<\/div>\n\t\t\t\t<div class=\"elementor-element elementor-element-1c27e56f elementor-widget elementor-widget-text-editor\" data-id=\"1c27e56f\" data-element_type=\"widget\" data-widget_type=\"text-editor.default\">\n\t\t\t\t<div class=\"elementor-widget-container\">\n\t\t\t\t\t\t\t<p>Dra. Amparo Alepuz Rostoll<br \/>Dra. Elia Torrecilla Pati\u00f1o<br \/>Dra. Imma Mengual P\u00e9rez<br \/>Dra. Lourdes Santamar\u00eda Blasco<br \/>Dra. Pilar Viviente Sol\u00e9<\/p>\t\t\t\t\t\t<\/div>\n\t\t\t\t<\/div>\n\t\t\t\t\t<\/div>\n\t\t<\/div>\n\t\t\t\t\t\t\t<\/div>\n\t\t<\/section>\n\t\t\t\t<section class=\"elementor-section elementor-top-section elementor-element elementor-element-2dd7e689 elementor-section-full_width elementor-hidden-tablet elementor-hidden-mobile elementor-section-height-default elementor-section-height-default\" data-id=\"2dd7e689\" data-element_type=\"section\">\n\t\t\t\t\t\t<div class=\"elementor-container elementor-column-gap-default\">\n\t\t\t\t\t<div class=\"elementor-column elementor-col-50 elementor-top-column elementor-element elementor-element-51781602\" data-id=\"51781602\" data-element_type=\"column\">\n\t\t\t<div class=\"elementor-widget-wrap elementor-element-populated\">\n\t\t\t\t\t\t\t\t<div class=\"elementor-element elementor-element-1317fd9 elementor-widget elementor-widget-text-editor\" data-id=\"1317fd9\" data-element_type=\"widget\" data-widget_type=\"text-editor.default\">\n\t\t\t\t<div class=\"elementor-widget-container\">\n\t\t\t\t\t\t\t<h5>COMIT\u00c9 CIENT\u00cdFICO<\/h5>\t\t\t\t\t\t<\/div>\n\t\t\t\t<\/div>\n\t\t\t\t<div class=\"elementor-element elementor-element-7f864d61 elementor-widget elementor-widget-text-editor\" data-id=\"7f864d61\" data-element_type=\"widget\" data-widget_type=\"text-editor.default\">\n\t\t\t\t<div class=\"elementor-widget-container\">\n\t\t\t\t\t\t\t<h2>MIEMBROS<\/h2>\t\t\t\t\t\t<\/div>\n\t\t\t\t<\/div>\n\t\t\t\t<div class=\"elementor-element elementor-element-351c4e21 elementor-widget elementor-widget-text-editor\" data-id=\"351c4e21\" data-element_type=\"widget\" data-widget_type=\"text-editor.default\">\n\t\t\t\t<div class=\"elementor-widget-container\">\n\t\t\t\t\t\t\t<p>Dra. Asunci\u00f3n Lozano Salmer\u00f3n (Univ. Granada, ESPA\u00d1A)<br \/>Dr. Dami\u00e1n Jord\u00e1 Bou (Univ. Miguel Hern\u00e1ndez)<br \/>Elisa Mart\u00ednez Mart\u00ednez (Univ. Miguel Hern\u00e1ndez)<br \/>Fernando Fern\u00e1ndez Torres (Univ. Miguel Hern\u00e1ndez)<br \/>Dr. Francisco Cu\u00e9llar Santiago (Univ. Miguel Hern\u00e1ndez)<br \/>Dr. Francisco Jos\u00e9 Mateu Torres (Univ. Miguel Hern\u00e1ndez)<br \/>Dra. Isabel Oliver Cuevas (Univ. Polit\u00e9cnica de Val\u00e8ncia, ESPA\u00d1A)<br \/>Dra. Janice Martins Appel (Univ. Federal de Rio Grande, BRASIL)<br \/>Dr. Jorge Alberto Dur\u00e1n Su\u00e1rez (Univ. Granada, ESPA\u00d1A)<br \/>Marcelo LLobell (DORAL CONTEMPORARY ART MUSEUM Miami, Florida. EE.UU.)<br \/>Dra. M.\u00aa Jos\u00e9 Mart\u00ednez de Pis\u00f3n Ram\u00f3n (Univ. Polit\u00e9cnica de Val\u00e8ncia, ESPA\u00d1A)<br \/>Dr. Mario Paul Mart\u00ednez Fabre (Univ. Miguel Hern\u00e1ndez)<br \/>Dr. Miquel Bardagil (ACVIC CENTRE D\u2019ARTS CONTEMPOR\u00c0NIES Barcelona. ESPA\u00d1A)<br \/>Dra. Raquel Barrionuevo P\u00e9rez (Univ. Sevilla, ESPA\u00d1A)<br \/>Dra. Sarat Kumar Jena (Univ. Central de Gujarat Gandhinagar, INDIA)<br \/>Dra. Silvia L\u00f3pez Rodr\u00edguez (Univ. M\u00e1laga, ESPA\u00d1A)<br \/>Dra. Teresa Ch\u00e1fer Bixquert (Univ. Polit\u00e9cnica de Val\u00e8ncia, ESPA\u00d1A)<br \/>Tom L\u00f3pez (Univ. Miami. EE.UU.)<br \/>Dr. Vicente Bar\u00f3n Linares (Univ. Polit\u00e9cnica de Val\u00e8ncia, ESPA\u00d1A)<br \/>Dr. Vicente Javier P\u00e9rez Valero (Univ. Miguel Hern\u00e1ndez)<\/p>\t\t\t\t\t\t<\/div>\n\t\t\t\t<\/div>\n\t\t\t\t\t<\/div>\n\t\t<\/div>\n\t\t\t\t<div class=\"elementor-column elementor-col-50 elementor-top-column elementor-element elementor-element-4e583dc1\" data-id=\"4e583dc1\" data-element_type=\"column\" data-settings=\"{&quot;background_background&quot;:&quot;classic&quot;}\">\n\t\t\t<div class=\"elementor-widget-wrap elementor-element-populated\">\n\t\t\t\t\t<div class=\"elementor-background-overlay\"><\/div>\n\t\t\t\t\t\t\t\t<div class=\"elementor-element elementor-element-4c640f33 elementor-widget elementor-widget-heading\" data-id=\"4c640f33\" data-element_type=\"widget\" data-widget_type=\"heading.default\">\n\t\t\t\t<div class=\"elementor-widget-container\">\n\t\t\t<h1 class=\"elementor-heading-title elementor-size-default\">I Congreso Internacional MATERIA. Investigaci\u00f3n Art\u00edstica sobre los Estados de la Materia<\/h1>\t\t<\/div>\n\t\t\t\t<\/div>\n\t\t\t\t\t<\/div>\n\t\t<\/div>\n\t\t\t\t\t\t\t<\/div>\n\t\t<\/section>\n\t\t\t\t<section class=\"elementor-section elementor-top-section elementor-element elementor-element-5510ab63 elementor-section-full_width elementor-hidden-desktop elementor-section-height-default elementor-section-height-default\" data-id=\"5510ab63\" data-element_type=\"section\">\n\t\t\t\t\t\t<div class=\"elementor-container elementor-column-gap-default\">\n\t\t\t\t\t<div class=\"elementor-column elementor-col-50 elementor-top-column elementor-element elementor-element-71a478b3\" data-id=\"71a478b3\" data-element_type=\"column\" data-settings=\"{&quot;background_background&quot;:&quot;classic&quot;}\">\n\t\t\t<div class=\"elementor-widget-wrap\">\n\t\t\t\t\t\t\t\t\t<\/div>\n\t\t<\/div>\n\t\t\t\t<div class=\"elementor-column elementor-col-50 elementor-top-column elementor-element elementor-element-43eec50\" data-id=\"43eec50\" data-element_type=\"column\">\n\t\t\t<div class=\"elementor-widget-wrap elementor-element-populated\">\n\t\t\t\t\t\t\t\t<div class=\"elementor-element elementor-element-139a848b elementor-widget elementor-widget-text-editor\" data-id=\"139a848b\" data-element_type=\"widget\" data-widget_type=\"text-editor.default\">\n\t\t\t\t<div class=\"elementor-widget-container\">\n\t\t\t\t\t\t\t<h5>COMIT\u00c9 CIENT\u00cdFICO<\/h5>\t\t\t\t\t\t<\/div>\n\t\t\t\t<\/div>\n\t\t\t\t<div class=\"elementor-element elementor-element-45ab3255 elementor-widget elementor-widget-text-editor\" data-id=\"45ab3255\" data-element_type=\"widget\" data-widget_type=\"text-editor.default\">\n\t\t\t\t<div class=\"elementor-widget-container\">\n\t\t\t\t\t\t\t<h2>MIEMBROS<\/h2>\t\t\t\t\t\t<\/div>\n\t\t\t\t<\/div>\n\t\t\t\t<div class=\"elementor-element elementor-element-3e600f34 elementor-widget elementor-widget-text-editor\" data-id=\"3e600f34\" data-element_type=\"widget\" data-widget_type=\"text-editor.default\">\n\t\t\t\t<div class=\"elementor-widget-container\">\n\t\t\t\t\t\t\t<p>Dra. Asunci\u00f3n Lozano Salmer\u00f3n (Univ. Granada, ESPA\u00d1A)<br \/>Dr. Dami\u00e1n Jord\u00e1 Bou (Univ. Miguel Hern\u00e1ndez)<br \/>Elisa Mart\u00ednez Mart\u00ednez (Univ. Miguel Hern\u00e1ndez)<br \/>Fernando Fern\u00e1ndez Torres (Univ. Miguel Hern\u00e1ndez)<br \/>Dr. Francisco Cu\u00e9llar Santiago (Univ. Miguel Hern\u00e1ndez)<br \/>Dr. Francisco Jos\u00e9 Mateu Torres (Univ. Miguel Hern\u00e1ndez)<br \/>Dra. Isabel Oliver Cuevas (Univ. Polit\u00e9cnica de Val\u00e8ncia, ESPA\u00d1A)<br \/>Dra. Janice Martins Appel (Univ. Federal de Rio Grande, BRASIL)<br \/>Dr. Jorge Alberto Dur\u00e1n Su\u00e1rez (Univ. Granada, ESPA\u00d1A)<br \/>Marcelo LLobell (DORAL CONTEMPORARY ART MUSEUM Miami, Florida. EE.UU.)<br \/>Dra. M.\u00aa Jos\u00e9 Mart\u00ednez de Pis\u00f3n Ram\u00f3n (Univ. Polit\u00e9cnica de Val\u00e8ncia, ESPA\u00d1A)<br \/>Dr. Mario Paul Mart\u00ednez Fabre (Univ. Miguel Hern\u00e1ndez)<br \/>Dr. Miquel Bardagil (ACVIC CENTRE D\u2019ARTS CONTEMPOR\u00c0NIES Barcelona. ESPA\u00d1A)<br \/>Dra. Raquel Barrionuevo P\u00e9rez (Univ. Sevilla, ESPA\u00d1A)<br \/>Dra. Sarat Kumar Jena (Univ. Central de Gujarat Gandhinagar, INDIA)<br \/>Dra. Silvia L\u00f3pez Rodr\u00edguez (Univ. M\u00e1laga, ESPA\u00d1A)<br \/>Dra. Teresa Ch\u00e1fer Bixquert (Univ. Polit\u00e9cnica de Val\u00e8ncia, ESPA\u00d1A)<br \/>Tom L\u00f3pez (Univ. Miami. EE.UU.)<br \/>Dr. Vicente Bar\u00f3n Linares (Univ. Polit\u00e9cnica de Val\u00e8ncia, ESPA\u00d1A)<br \/>Dr. Vicente Javier P\u00e9rez Valero (Univ. Miguel Hern\u00e1ndez)<\/p>\t\t\t\t\t\t<\/div>\n\t\t\t\t<\/div>\n\t\t\t\t\t<\/div>\n\t\t<\/div>\n\t\t\t\t\t\t\t<\/div>\n\t\t<\/section>\n\t\t\t\t<section class=\"elementor-section elementor-top-section elementor-element elementor-element-2fc0536d elementor-hidden-tablet elementor-hidden-mobile elementor-section-boxed elementor-section-height-default elementor-section-height-default\" data-id=\"2fc0536d\" data-element_type=\"section\" data-settings=\"{&quot;background_background&quot;:&quot;classic&quot;}\">\n\t\t\t\t\t\t<div class=\"elementor-container elementor-column-gap-default\">\n\t\t\t\t\t<div class=\"elementor-column elementor-col-100 elementor-top-column elementor-element elementor-element-6ed88e32\" data-id=\"6ed88e32\" data-element_type=\"column\">\n\t\t\t<div class=\"elementor-widget-wrap elementor-element-populated\">\n\t\t\t\t\t\t\t\t<div class=\"elementor-element elementor-element-4e3d9d77 elementor-widget elementor-widget-image\" data-id=\"4e3d9d77\" data-element_type=\"widget\" data-widget_type=\"image.default\">\n\t\t\t\t<div class=\"elementor-widget-container\">\n\t\t\t\t\t\t\t\t\t\t\t\t\t\t\t<img width=\"3813\" height=\"345\" src=\"https:\/\/congresocimic.umh.es\/files\/2024\/08\/logos-CIMIC-2024-HORIZONTAL-act-agosto-ok.png\" class=\"attachment-full size-full\" alt=\"\" loading=\"lazy\" srcset=\"https:\/\/congresocimic.umh.es\/files\/2024\/08\/logos-CIMIC-2024-HORIZONTAL-act-agosto-ok.png 3813w, https:\/\/congresocimic.umh.es\/files\/2024\/08\/logos-CIMIC-2024-HORIZONTAL-act-agosto-ok-1280x116.png 1280w, https:\/\/congresocimic.umh.es\/files\/2024\/08\/logos-CIMIC-2024-HORIZONTAL-act-agosto-ok-980x89.png 980w, https:\/\/congresocimic.umh.es\/files\/2024\/08\/logos-CIMIC-2024-HORIZONTAL-act-agosto-ok-480x43.png 480w\" sizes=\"(min-width: 0px) and (max-width: 480px) 480px, (min-width: 481px) and (max-width: 980px) 980px, (min-width: 981px) and (max-width: 1280px) 1280px, (min-width: 1281px) 3813px, 100vw\" \/>\t\t\t\t\t\t\t\t\t\t\t\t\t\t\t<\/div>\n\t\t\t\t<\/div>\n\t\t\t\t\t<\/div>\n\t\t<\/div>\n\t\t\t\t\t\t\t<\/div>\n\t\t<\/section>\n\t\t\t\t<section class=\"elementor-section elementor-top-section elementor-element elementor-element-e62af98 elementor-hidden-desktop elementor-section-boxed elementor-section-height-default elementor-section-height-default\" data-id=\"e62af98\" data-element_type=\"section\" data-settings=\"{&quot;background_background&quot;:&quot;classic&quot;}\">\n\t\t\t\t\t\t<div class=\"elementor-container elementor-column-gap-default\">\n\t\t\t\t\t<div class=\"elementor-column elementor-col-100 elementor-top-column elementor-element elementor-element-dd41142\" data-id=\"dd41142\" data-element_type=\"column\">\n\t\t\t<div class=\"elementor-widget-wrap elementor-element-populated\">\n\t\t\t\t\t\t\t\t<div class=\"elementor-element elementor-element-a3b3a93 elementor-widget elementor-widget-image\" data-id=\"a3b3a93\" data-element_type=\"widget\" data-widget_type=\"image.default\">\n\t\t\t\t<div class=\"elementor-widget-container\">\n\t\t\t\t\t\t\t\t\t\t\t\t\t\t\t<img width=\"3813\" height=\"345\" src=\"https:\/\/congresocimic.umh.es\/files\/2024\/08\/logos-CIMIC-2024-HORIZONTAL-act-agosto-ok.png\" class=\"attachment-full size-full\" alt=\"\" loading=\"lazy\" srcset=\"https:\/\/congresocimic.umh.es\/files\/2024\/08\/logos-CIMIC-2024-HORIZONTAL-act-agosto-ok.png 3813w, https:\/\/congresocimic.umh.es\/files\/2024\/08\/logos-CIMIC-2024-HORIZONTAL-act-agosto-ok-1280x116.png 1280w, https:\/\/congresocimic.umh.es\/files\/2024\/08\/logos-CIMIC-2024-HORIZONTAL-act-agosto-ok-980x89.png 980w, https:\/\/congresocimic.umh.es\/files\/2024\/08\/logos-CIMIC-2024-HORIZONTAL-act-agosto-ok-480x43.png 480w\" sizes=\"(min-width: 0px) and (max-width: 480px) 480px, (min-width: 481px) and (max-width: 980px) 980px, (min-width: 981px) and (max-width: 1280px) 1280px, (min-width: 1281px) 3813px, 100vw\" \/>\t\t\t\t\t\t\t\t\t\t\t\t\t\t\t<\/div>\n\t\t\t\t<\/div>\n\t\t\t\t\t<\/div>\n\t\t<\/div>\n\t\t\t\t\t\t\t<\/div>\n\t\t<\/section>\n\t\t\t\t\t\t<\/div>\n\t\t\t\t\t<\/div>\n\t\t","protected":false},"excerpt":{"rendered":"<p>COMIT\u00c9 ORGANIZADOR<br \/>\nDIRECCI\u00d3N<br \/>\nDr. Juan Fco. Mart\u00ednez G\u00f3mez de AlbaceteDra. Mar\u00eda Jos\u00e9 Zan\u00f3n Cuenca<br \/>\nEQUIPO ORGANIZADOR:<br \/>\nDra. Amparo Alepuz RostollDra. Elia Torrecilla Pati\u00f1oDra. Imma Mengual P\u00e9rezDra. Lourdes Santamar\u00eda BlascoDra. Pilar Viviente Sol\u00e9<br \/>\nCIMIC<br \/>\nI Congreso Internacional MATERIA. Investigaci\u00f3n Art\u00edstica sobre los Estados de la Materia<br \/>\nCOMIT\u00c9 ORGANIZADOR<br \/>\nDIRECCI\u00d3N<br \/>\nDr. Juan Fco. Mart\u00ednez G\u00f3mez de AlbaceteDra. Mar\u00eda Jos\u00e9 Zan\u00f3n Cuenca<br \/>\nEQUIPO ORGANIZADOR:<br \/>\nDra. Amparo Alepuz RostollDra. Elia [&#8230;]<\/p>\n","protected":false},"author":5001,"featured_media":0,"parent":0,"menu_order":0,"comment_status":"closed","ping_status":"closed","template":"elementor_header_footer","meta":{"_et_pb_use_builder":"","_et_pb_old_content":"","_et_gb_content_width":"","_links_to":"","_links_to_target":""},"_links":{"self":[{"href":"https:\/\/congresocimic.umh.es\/ca\/wp-json\/wp\/v2\/pages\/32"}],"collection":[{"href":"https:\/\/congresocimic.umh.es\/ca\/wp-json\/wp\/v2\/pages"}],"about":[{"href":"https:\/\/congresocimic.umh.es\/ca\/wp-json\/wp\/v2\/types\/page"}],"author":[{"embeddable":true,"href":"https:\/\/congresocimic.umh.es\/ca\/wp-json\/wp\/v2\/users\/5001"}],"replies":[{"embeddable":true,"href":"https:\/\/congresocimic.umh.es\/ca\/wp-json\/wp\/v2\/comments?post=32"}],"version-history":[{"count":0,"href":"https:\/\/congresocimic.umh.es\/ca\/wp-json\/wp\/v2\/pages\/32\/revisions"}],"wp:attachment":[{"href":"https:\/\/congresocimic.umh.es\/ca\/wp-json\/wp\/v2\/media?parent=32"}],"curies":[{"name":"wp","href":"https:\/\/api.w.org\/{rel}","templated":true}]}}